{"id":1015,"date":"2024-01-24T21:23:30","date_gmt":"2024-01-24T20:23:30","guid":{"rendered":"https:\/\/hamntesbaskets.fr\/hamntesbaskets\/?page_id=1015"},"modified":"2024-04-28T19:05:17","modified_gmt":"2024-04-28T17:05:17","slug":"resultats","status":"publish","type":"page","link":"https:\/\/hamntesbaskets.fr\/hamntesbaskets\/resultats\/","title":{"rendered":"RESULTATS"},"content":{"rendered":"\t\t<div data-elementor-type=\"wp-page\" data-elementor-id=\"1015\" class=\"elementor elementor-1015\">\n\t\t\t\t<div class=\"elementor-element elementor-element-632a7fa e-flex e-con-boxed wpr-particle-no wpr-jarallax-no wpr-parallax-no wpr-sticky-section-no e-con e-parent\" data-id=\"632a7fa\" data-element_type=\"container\" data-settings=\"{&quot;background_background&quot;:&quot;classic&quot;}\">\n\t\t\t\t\t<div class=\"e-con-inner\">\n\t\t<div class=\"elementor-element elementor-element-868c7c6 e-con-full e-flex wpr-particle-no wpr-jarallax-no wpr-parallax-no wpr-sticky-section-no e-con e-child\" data-id=\"868c7c6\" data-element_type=\"container\">\n\t\t\t\t<div class=\"elementor-element elementor-element-735da12 elementor-widget elementor-widget-heading\" data-id=\"735da12\" data-element_type=\"widget\" data-widget_type=\"heading.default\">\n\t\t\t\t<div class=\"elementor-widget-container\">\n\t\t\t\t\t<h1 class=\"elementor-heading-title elementor-size-default\">Les r\u00e9sultats<\/h1>\t\t\t\t<\/div>\n\t\t\t\t<\/div>\n\t\t\t\t<\/div>\n\t\t\t\t\t<\/div>\n\t\t\t\t<\/div>\n\t\t<div class=\"elementor-element elementor-element-27d9087 e-flex e-con-boxed wpr-particle-no wpr-jarallax-no wpr-parallax-no wpr-sticky-section-no e-con e-parent\" data-id=\"27d9087\" data-element_type=\"container\">\n\t\t\t\t\t<div class=\"e-con-inner\">\n\t\t<div class=\"elementor-element elementor-element-69b6344 e-flex e-con-boxed wpr-particle-no wpr-jarallax-no wpr-parallax-no wpr-sticky-section-no e-con e-child\" data-id=\"69b6344\" data-element_type=\"container\">\n\t\t\t\t\t<div class=\"e-con-inner\">\n\t\t\t\t<div class=\"elementor-element elementor-element-1131944 content-align-cta-default elementor-widget elementor-widget-eael-cta-box\" data-id=\"1131944\" data-element_type=\"widget\" data-widget_type=\"eael-cta-box.default\">\n\t\t\t\t<div class=\"elementor-widget-container\">\n\t\t\t\t\t\t\t<div class=\"eael-call-to-action cta-basic bg-lite cta-preset-1\">\n        <h2 class=\"title eael-cta-heading\">R\u00e9sultats 2024<\/h2><p>8\u00e8me \u00e9dition qui a eu lieu le dimanche 28 avril 2024 : 221 coureurs et 475 marcheurs<\/p><a href=\"https:\/\/hamntesbaskets.fr\/hamntesbaskets\/wp-content\/uploads\/2024\/04\/ham-en-artois-resultats.pdf\" class=\"cta-button cta-preset-1  \">Cliquez ICI<\/a>\t<\/div>\n\t\t\t\t\t\t\t\t<\/div>\n\t\t\t\t<\/div>\n\t\t\t\t<div class=\"elementor-element elementor-element-2017c9f content-align-cta-default elementor-widget elementor-widget-eael-cta-box\" data-id=\"2017c9f\" data-element_type=\"widget\" data-widget_type=\"eael-cta-box.default\">\n\t\t\t\t<div class=\"elementor-widget-container\">\n\t\t\t\t\t\t\t<div class=\"eael-call-to-action cta-basic bg-lite cta-preset-1\">\n        <h2 class=\"title eael-cta-heading\">R\u00e9sultats 2023<\/h2><p>7\u00e8me \u00e9dition qui a eu lieu le dimanche 21 mai 2023<\/p><a href=\"https:\/\/hamntesbaskets.fr\/hamntesbaskets\/wp-content\/uploads\/2024\/01\/ham-n-tes-baskets-2023-resultats.pdf\" class=\"cta-button cta-preset-1  \">Cliquez ICI<\/a>\t<\/div>\n\t\t\t\t\t\t\t\t<\/div>\n\t\t\t\t<\/div>\n\t\t\t\t<div class=\"elementor-element elementor-element-3a16717 content-align-cta-default elementor-widget elementor-widget-eael-cta-box\" data-id=\"3a16717\" data-element_type=\"widget\" data-widget_type=\"eael-cta-box.default\">\n\t\t\t\t<div class=\"elementor-widget-container\">\n\t\t\t\t\t\t\t<div class=\"eael-call-to-action cta-basic bg-lite cta-preset-1\">\n        <h2 class=\"title eael-cta-heading\">R\u00e9sultats 2022<\/h2><p>6\u00e8me \u00e9dition qui a eu lieu le samedi 4 juin 2022<\/p><a href=\"https:\/\/hamntesbaskets.fr\/hamntesbaskets\/wp-content\/uploads\/2024\/01\/resultats-ham-en-artois-2022.pdf\" class=\"cta-button cta-preset-1  \">Cliquez ICI<\/a>\t<\/div>\n\t\t\t\t\t\t\t\t<\/div>\n\t\t\t\t<\/div>\n\t\t\t\t<div class=\"elementor-element elementor-element-259899b content-align-cta-default elementor-widget elementor-widget-eael-cta-box\" data-id=\"259899b\" data-element_type=\"widget\" data-widget_type=\"eael-cta-box.default\">\n\t\t\t\t<div class=\"elementor-widget-container\">\n\t\t\t\t\t\t\t<div class=\"eael-call-to-action cta-basic bg-lite cta-preset-1\">\n        <h2 class=\"title eael-cta-heading\">R\u00e9sultats 2021<\/h2><p>Edition virtuelle \u00e0 cause du coronavirus : Ham'N tes baskets Virtual Challenge<\/p><a href=\"https:\/\/hamntesbaskets.fr\/hamntesbaskets\/wp-content\/uploads\/2024\/01\/Resultats_HamNtesBaskets.pdf\" class=\"cta-button cta-preset-1  \">Ham&#039;N tes baskets<\/a><a href=\"https:\/\/hamntesbaskets.fr\/hamntesbaskets\/wp-content\/uploads\/2024\/01\/Resultats_HamNtonVelo.pdf\" class=\"cta-button cta-secondary-button \">Ham&#039;N ton v\u00e9lo<\/a>\t<\/div>\n\t\t\t\t\t\t\t\t<\/div>\n\t\t\t\t<\/div>\n\t\t<div class=\"elementor-element elementor-element-9d32401 e-flex e-con-boxed wpr-particle-no wpr-jarallax-no wpr-parallax-no wpr-sticky-section-no e-con e-child\" data-id=\"9d32401\" data-element_type=\"container\">\n\t\t\t\t\t<div class=\"e-con-inner\">\n\t\t\t\t<div class=\"elementor-element elementor-element-32aa766 elementor-widget elementor-widget-heading\" data-id=\"32aa766\" data-element_type=\"widget\" data-widget_type=\"heading.default\">\n\t\t\t\t<div class=\"elementor-widget-container\">\n\t\t\t\t\t<h2 class=\"elementor-heading-title elementor-size-default\">Edition 2020 annul\u00e9e \u00e0 cause du coronavirus<\/h2>\t\t\t\t<\/div>\n\t\t\t\t<\/div>\n\t\t\t\t<div class=\"elementor-element elementor-element-4836d34 content-align-cta-default elementor-widget elementor-widget-eael-cta-box\" data-id=\"4836d34\" data-element_type=\"widget\" data-widget_type=\"eael-cta-box.default\">\n\t\t\t\t<div class=\"elementor-widget-container\">\n\t\t\t\t\t\t\t<div class=\"eael-call-to-action cta-basic bg-lite cta-preset-1\">\n        <h2 class=\"title eael-cta-heading\">R\u00e9sultats 2019<\/h2><p>5\u00e8me \u00e9dition qui a eu lieu le samedi 1er juin 2019<\/p><a href=\"https:\/\/hamntesbaskets.fr\/hamntesbaskets\/wp-content\/uploads\/2024\/01\/hamn-tes-baskets-2019.pdf\" class=\"cta-button cta-preset-1  \">Cliquez ICI<\/a>\t<\/div>\n\t\t\t\t\t\t\t\t<\/div>\n\t\t\t\t<\/div>\n\t\t\t\t<div class=\"elementor-element elementor-element-128afc3 content-align-cta-default elementor-widget elementor-widget-eael-cta-box\" data-id=\"128afc3\" data-element_type=\"widget\" data-widget_type=\"eael-cta-box.default\">\n\t\t\t\t<div class=\"elementor-widget-container\">\n\t\t\t\t\t\t\t<div class=\"eael-call-to-action cta-basic bg-lite cta-preset-1\">\n        <h2 class=\"title eael-cta-heading\">R\u00e9sultats 2018<\/h2><p>4\u00e8me \u00e9dition qui a eu lieu le samedi 2 juin 2018<\/p><a href=\"https:\/\/hamntesbaskets.fr\/hamntesbaskets\/wp-content\/uploads\/2024\/01\/Resultats-hamntesbaskets2018.pdf\" class=\"cta-button cta-preset-1  \">Cliquez ICI<\/a>\t<\/div>\n\t\t\t\t\t\t\t\t<\/div>\n\t\t\t\t<\/div>\n\t\t\t\t<div class=\"elementor-element elementor-element-215abe4 content-align-cta-default elementor-widget elementor-widget-eael-cta-box\" data-id=\"215abe4\" data-element_type=\"widget\" data-widget_type=\"eael-cta-box.default\">\n\t\t\t\t<div class=\"elementor-widget-container\">\n\t\t\t\t\t\t\t<div class=\"eael-call-to-action cta-basic bg-lite cta-preset-1\">\n        <h2 class=\"title eael-cta-heading\">R\u00e9sultats 2017<\/h2><p>3\u00e8me \u00e9dition qui a eu lieu le samedi 3 juin 2017<\/p><a href=\"https:\/\/hamntesbaskets.fr\/hamntesbaskets\/wp-content\/uploads\/2024\/01\/Resultats-HamNtesBaskets2017.pdf\" class=\"cta-button cta-preset-1  \">Cliquez ICI<\/a>\t<\/div>\n\t\t\t\t\t\t\t\t<\/div>\n\t\t\t\t<\/div>\n\t\t\t\t<div class=\"elementor-element elementor-element-7700f92 content-align-cta-default elementor-widget elementor-widget-eael-cta-box\" data-id=\"7700f92\" data-element_type=\"widget\" data-widget_type=\"eael-cta-box.default\">\n\t\t\t\t<div class=\"elementor-widget-container\">\n\t\t\t\t\t\t\t<div class=\"eael-call-to-action cta-basic bg-lite cta-preset-1\">\n        <h2 class=\"title eael-cta-heading\">R\u00e9sultats 2016<\/h2><p>2\u00e8me \u00e9dition qui a eu lieu le samedi 4 juin 2016<\/p><a href=\"https:\/\/hamntesbaskets.fr\/hamntesbaskets\/wp-content\/uploads\/2024\/01\/Resultats2016.pdf\" class=\"cta-button cta-preset-1  \">Cliquez ICI<\/a>\t<\/div>\n\t\t\t\t\t\t\t\t<\/div>\n\t\t\t\t<\/div>\n\t\t\t\t<div class=\"elementor-element elementor-element-0b03e23 content-align-cta-default elementor-widget elementor-widget-eael-cta-box\" data-id=\"0b03e23\" data-element_type=\"widget\" data-widget_type=\"eael-cta-box.default\">\n\t\t\t\t<div class=\"elementor-widget-container\">\n\t\t\t\t\t\t\t<div class=\"eael-call-to-action cta-basic bg-lite cta-preset-1\">\n        <h2 class=\"title eael-cta-heading\">R\u00e9sultats 2015<\/h2><p>1\u00e8re \u00e9dition qui a eu lieu le samedi 6 juin 2015<\/p><a href=\"https:\/\/hamntesbaskets.fr\/hamntesbaskets\/wp-content\/uploads\/2024\/01\/Resultats2015.pdf\" class=\"cta-button cta-preset-1  \">Cliquez ICI<\/a>\t<\/div>\n\t\t\t\t\t\t\t\t<\/div>\n\t\t\t\t<\/div>\n\t\t\t\t\t<\/div>\n\t\t\t\t<\/div>\n\t\t\t\t\t<\/div>\n\t\t\t\t<\/div>\n\t\t\t\t\t<\/div>\n\t\t\t\t<\/div>\n\t\t\t\t<\/div>\n\t\t","protected":false},"excerpt":{"rendered":"<p>Les r\u00e9sultats R\u00e9sultats 2024 8\u00e8me \u00e9dition qui a eu lieu le dimanche 28 avril 2024 : 221 coureurs et 475 marcheurs Cliquez ICI R\u00e9sultats 2023 7\u00e8me \u00e9dition qui a eu lieu le dimanche 21 mai 2023 Cliquez ICI R\u00e9sultats 2022 6\u00e8me \u00e9dition qui a eu lieu le samedi 4 juin 2022 Cliquez ICI R\u00e9sultats 2021 Edition virtuelle \u00e0 cause du coronavirus : Ham&rsquo;N tes baskets Virtual Challenge Ham&#039;N tes basketsHam&#039;N ton v\u00e9lo Edition 2020 annul\u00e9e \u00e0 cause du coronavirus R\u00e9sultats 2019 5\u00e8me \u00e9dition qui a eu lieu le samedi 1er juin 2019 Cliquez ICI R\u00e9sultats 2018 4\u00e8me \u00e9dition qui a eu lieu le samedi 2 juin 2018 Cliquez ICI R\u00e9sultats 2017 3\u00e8me \u00e9dition qui a eu lieu le samedi 3 juin 2017 Cliquez ICI R\u00e9sultats 2016 2\u00e8me \u00e9dition qui a eu lieu le samedi 4 juin 2016 Cliquez ICI R\u00e9sultats 2015 1\u00e8re \u00e9dition qui a eu lieu le samedi 6 juin 2015 Cliquez ICI<\/p>\n","protected":false},"author":1,"featured_media":0,"parent":0,"menu_order":0,"comment_status":"closed","ping_status":"closed","template":"","meta":{"site-sidebar-layout":"no-sidebar","site-content-layout":"page-builder","ast-site-content-layout":"full-width-container","site-content-style":"unboxed","site-sidebar-style":"unboxed","ast-global-header-display":"","ast-banner-title-visibility":"","ast-main-header-display":"","ast-hfb-above-header-display":"","ast-hfb-below-header-display":"","ast-hfb-mobile-header-display":"","site-post-title":"disabled","ast-breadcrumbs-content":"","ast-featured-img":"","footer-sml-layout":"","theme-transparent-header-meta":"enabled","adv-header-id-meta":"","stick-header-meta":"","header-above-stick-meta":"","header-main-stick-meta":"","header-below-stick-meta":"","astra-migrate-meta-layouts":"set","ast-page-background-enabled":"default","ast-page-background-meta":{"desktop":{"background-color":"","background-image":"","background-repeat":"repeat","background-position":"center center","background-size":"auto","background-attachment":"scroll","background-type":"","background-media":"","overlay-type":"","overlay-color":"","overlay-opacity":"","overlay-gradient":""},"tablet":{"background-color":"","background-image":"","background-repeat":"repeat","background-position":"center center","background-size":"auto","background-attachment":"scroll","background-type":"","background-media":"","overlay-type":"","overlay-color":"","overlay-opacity":"","overlay-gradient":""},"mobile":{"background-color":"","background-image":"","background-repeat":"repeat","background-position":"center center","background-size":"auto","background-attachment":"scroll","background-type":"","background-media":"","overlay-type":"","overlay-color":"","overlay-opacity":"","overlay-gradient":""}},"ast-content-background-meta":{"desktop":{"background-color":"var(--ast-global-color-5)","background-image":"","background-repeat":"repeat","background-position":"center center","background-size":"auto","background-attachment":"scroll","background-type":"","background-media":"","overlay-type":"","overlay-color":"","overlay-opacity":"","overlay-gradient":""},"tablet":{"background-color":"var(--ast-global-color-5)","background-image":"","background-repeat":"repeat","background-position":"center center","background-size":"auto","background-attachment":"scroll","background-type":"","background-media":"","overlay-type":"","overlay-color":"","overlay-opacity":"","overlay-gradient":""},"mobile":{"background-color":"var(--ast-global-color-5)","background-image":"","background-repeat":"repeat","background-position":"center center","background-size":"auto","background-attachment":"scroll","background-type":"","background-media":"","overlay-type":"","overlay-color":"","overlay-opacity":"","overlay-gradient":""}},"footnotes":""},"class_list":["post-1015","page","type-page","status-publish","hentry"],"yoast_head":"<!-- This site is optimized with the Yoast SEO plugin v25.3 - https:\/\/yoast.com\/wordpress\/plugins\/seo\/ -->\n<title>RESULTATS | Ham&#039;N tes baskets<\/title>\n<meta name=\"robots\" content=\"index, follow, max-snippet:-1, max-image-preview:large, max-video-preview:-1\" \/>\n<link rel=\"canonical\" href=\"https:\/\/hamntesbaskets.fr\/hamntesbaskets\/resultats\/\" \/>\n<meta property=\"og:locale\" content=\"fr_FR\" \/>\n<meta property=\"og:type\" content=\"article\" \/>\n<meta property=\"og:title\" content=\"RESULTATS | Ham&#039;N tes baskets\" \/>\n<meta property=\"og:description\" content=\"Les r\u00e9sultats R\u00e9sultats 2024 8\u00e8me \u00e9dition qui a eu lieu le dimanche 28 avril 2024 : 221 coureurs et 475 marcheurs Cliquez ICI R\u00e9sultats 2023 7\u00e8me \u00e9dition qui a eu lieu le dimanche 21 mai 2023 Cliquez ICI R\u00e9sultats 2022 6\u00e8me \u00e9dition qui a eu lieu le samedi 4 juin 2022 Cliquez ICI R\u00e9sultats 2021 Edition virtuelle \u00e0 cause du coronavirus : Ham&rsquo;N tes baskets Virtual Challenge Ham&#039;N tes basketsHam&#039;N ton v\u00e9lo Edition 2020 annul\u00e9e \u00e0 cause du coronavirus R\u00e9sultats 2019 5\u00e8me \u00e9dition qui a eu lieu le samedi 1er juin 2019 Cliquez ICI R\u00e9sultats 2018 4\u00e8me \u00e9dition qui a eu lieu le samedi 2 juin 2018 Cliquez ICI R\u00e9sultats 2017 3\u00e8me \u00e9dition qui a eu lieu le samedi 3 juin 2017 Cliquez ICI R\u00e9sultats 2016 2\u00e8me \u00e9dition qui a eu lieu le samedi 4 juin 2016 Cliquez ICI R\u00e9sultats 2015 1\u00e8re \u00e9dition qui a eu lieu le samedi 6 juin 2015 Cliquez ICI\" \/>\n<meta property=\"og:url\" content=\"https:\/\/hamntesbaskets.fr\/hamntesbaskets\/resultats\/\" \/>\n<meta property=\"og:site_name\" content=\"Ham&#039;N tes baskets\" \/>\n<meta property=\"article:publisher\" content=\"https:\/\/www.facebook.com\/hamntesbaskets\/\" \/>\n<meta property=\"article:modified_time\" content=\"2024-04-28T17:05:17+00:00\" \/>\n<meta property=\"og:image\" content=\"https:\/\/hamntesbaskets.fr\/hamntesbaskets\/wp-content\/uploads\/2024\/02\/cropped-Logo-coureur-face-png.png\" \/>\n\t<meta property=\"og:image:width\" content=\"1085\" \/>\n\t<meta property=\"og:image:height\" content=\"748\" \/>\n\t<meta property=\"og:image:type\" content=\"image\/png\" \/>\n<meta name=\"twitter:card\" content=\"summary_large_image\" \/>\n<meta name=\"twitter:label1\" content=\"Dur\u00e9e de lecture estim\u00e9e\" \/>\n\t<meta name=\"twitter:data1\" content=\"1 minute\" \/>\n<script type=\"application\/ld+json\" class=\"yoast-schema-graph\">{\"@context\":\"https:\/\/schema.org\",\"@graph\":[{\"@type\":\"WebPage\",\"@id\":\"https:\/\/hamntesbaskets.fr\/hamntesbaskets\/resultats\/\",\"url\":\"https:\/\/hamntesbaskets.fr\/hamntesbaskets\/resultats\/\",\"name\":\"RESULTATS | Ham&#039;N tes baskets\",\"isPartOf\":{\"@id\":\"https:\/\/hamntesbaskets.fr\/hamntesbaskets\/#website\"},\"datePublished\":\"2024-01-24T20:23:30+00:00\",\"dateModified\":\"2024-04-28T17:05:17+00:00\",\"breadcrumb\":{\"@id\":\"https:\/\/hamntesbaskets.fr\/hamntesbaskets\/resultats\/#breadcrumb\"},\"inLanguage\":\"fr-FR\",\"potentialAction\":[{\"@type\":\"ReadAction\",\"target\":[\"https:\/\/hamntesbaskets.fr\/hamntesbaskets\/resultats\/\"]}]},{\"@type\":\"BreadcrumbList\",\"@id\":\"https:\/\/hamntesbaskets.fr\/hamntesbaskets\/resultats\/#breadcrumb\",\"itemListElement\":[{\"@type\":\"ListItem\",\"position\":1,\"name\":\"Accueil\",\"item\":\"https:\/\/hamntesbaskets.fr\/hamntesbaskets\/\"},{\"@type\":\"ListItem\",\"position\":2,\"name\":\"RESULTATS\"}]},{\"@type\":\"WebSite\",\"@id\":\"https:\/\/hamntesbaskets.fr\/hamntesbaskets\/#website\",\"url\":\"https:\/\/hamntesbaskets.fr\/hamntesbaskets\/\",\"name\":\"Ham'N tes baskets\",\"description\":\"Et surtout ne les oublie pas!\",\"publisher\":{\"@id\":\"https:\/\/hamntesbaskets.fr\/hamntesbaskets\/#organization\"},\"potentialAction\":[{\"@type\":\"SearchAction\",\"target\":{\"@type\":\"EntryPoint\",\"urlTemplate\":\"https:\/\/hamntesbaskets.fr\/hamntesbaskets\/?s={search_term_string}\"},\"query-input\":{\"@type\":\"PropertyValueSpecification\",\"valueRequired\":true,\"valueName\":\"search_term_string\"}}],\"inLanguage\":\"fr-FR\"},{\"@type\":\"Organization\",\"@id\":\"https:\/\/hamntesbaskets.fr\/hamntesbaskets\/#organization\",\"name\":\"Ham'N tes baskets\",\"url\":\"https:\/\/hamntesbaskets.fr\/hamntesbaskets\/\",\"logo\":{\"@type\":\"ImageObject\",\"inLanguage\":\"fr-FR\",\"@id\":\"https:\/\/hamntesbaskets.fr\/hamntesbaskets\/#\/schema\/logo\/image\/\",\"url\":\"https:\/\/hamntesbaskets.fr\/hamntesbaskets\/wp-content\/uploads\/2024\/02\/cropped-Logo-coureur-face-png.png\",\"contentUrl\":\"https:\/\/hamntesbaskets.fr\/hamntesbaskets\/wp-content\/uploads\/2024\/02\/cropped-Logo-coureur-face-png.png\",\"width\":1085,\"height\":748,\"caption\":\"Ham'N tes baskets\"},\"image\":{\"@id\":\"https:\/\/hamntesbaskets.fr\/hamntesbaskets\/#\/schema\/logo\/image\/\"},\"sameAs\":[\"https:\/\/www.facebook.com\/hamntesbaskets\/\",\"http:\/\/www.instagram.com\/hamntesbaskets\"]}]}<\/script>\n<!-- \/ Yoast SEO plugin. -->","yoast_head_json":{"title":"RESULTATS | Ham&#039;N tes baskets","robots":{"index":"index","follow":"follow","max-snippet":"max-snippet:-1","max-image-preview":"max-image-preview:large","max-video-preview":"max-video-preview:-1"},"canonical":"https:\/\/hamntesbaskets.fr\/hamntesbaskets\/resultats\/","og_locale":"fr_FR","og_type":"article","og_title":"RESULTATS | Ham&#039;N tes baskets","og_description":"Les r\u00e9sultats R\u00e9sultats 2024 8\u00e8me \u00e9dition qui a eu lieu le dimanche 28 avril 2024 : 221 coureurs et 475 marcheurs Cliquez ICI R\u00e9sultats 2023 7\u00e8me \u00e9dition qui a eu lieu le dimanche 21 mai 2023 Cliquez ICI R\u00e9sultats 2022 6\u00e8me \u00e9dition qui a eu lieu le samedi 4 juin 2022 Cliquez ICI R\u00e9sultats 2021 Edition virtuelle \u00e0 cause du coronavirus : Ham&rsquo;N tes baskets Virtual Challenge Ham&#039;N tes basketsHam&#039;N ton v\u00e9lo Edition 2020 annul\u00e9e \u00e0 cause du coronavirus R\u00e9sultats 2019 5\u00e8me \u00e9dition qui a eu lieu le samedi 1er juin 2019 Cliquez ICI R\u00e9sultats 2018 4\u00e8me \u00e9dition qui a eu lieu le samedi 2 juin 2018 Cliquez ICI R\u00e9sultats 2017 3\u00e8me \u00e9dition qui a eu lieu le samedi 3 juin 2017 Cliquez ICI R\u00e9sultats 2016 2\u00e8me \u00e9dition qui a eu lieu le samedi 4 juin 2016 Cliquez ICI R\u00e9sultats 2015 1\u00e8re \u00e9dition qui a eu lieu le samedi 6 juin 2015 Cliquez ICI","og_url":"https:\/\/hamntesbaskets.fr\/hamntesbaskets\/resultats\/","og_site_name":"Ham&#039;N tes baskets","article_publisher":"https:\/\/www.facebook.com\/hamntesbaskets\/","article_modified_time":"2024-04-28T17:05:17+00:00","og_image":[{"width":1085,"height":748,"url":"https:\/\/hamntesbaskets.fr\/hamntesbaskets\/wp-content\/uploads\/2024\/02\/cropped-Logo-coureur-face-png.png","type":"image\/png"}],"twitter_card":"summary_large_image","twitter_misc":{"Dur\u00e9e de lecture estim\u00e9e":"1 minute"},"schema":{"@context":"https:\/\/schema.org","@graph":[{"@type":"WebPage","@id":"https:\/\/hamntesbaskets.fr\/hamntesbaskets\/resultats\/","url":"https:\/\/hamntesbaskets.fr\/hamntesbaskets\/resultats\/","name":"RESULTATS | Ham&#039;N tes baskets","isPartOf":{"@id":"https:\/\/hamntesbaskets.fr\/hamntesbaskets\/#website"},"datePublished":"2024-01-24T20:23:30+00:00","dateModified":"2024-04-28T17:05:17+00:00","breadcrumb":{"@id":"https:\/\/hamntesbaskets.fr\/hamntesbaskets\/resultats\/#breadcrumb"},"inLanguage":"fr-FR","potentialAction":[{"@type":"ReadAction","target":["https:\/\/hamntesbaskets.fr\/hamntesbaskets\/resultats\/"]}]},{"@type":"BreadcrumbList","@id":"https:\/\/hamntesbaskets.fr\/hamntesbaskets\/resultats\/#breadcrumb","itemListElement":[{"@type":"ListItem","position":1,"name":"Accueil","item":"https:\/\/hamntesbaskets.fr\/hamntesbaskets\/"},{"@type":"ListItem","position":2,"name":"RESULTATS"}]},{"@type":"WebSite","@id":"https:\/\/hamntesbaskets.fr\/hamntesbaskets\/#website","url":"https:\/\/hamntesbaskets.fr\/hamntesbaskets\/","name":"Ham'N tes baskets","description":"Et surtout ne les oublie pas!","publisher":{"@id":"https:\/\/hamntesbaskets.fr\/hamntesbaskets\/#organization"},"potentialAction":[{"@type":"SearchAction","target":{"@type":"EntryPoint","urlTemplate":"https:\/\/hamntesbaskets.fr\/hamntesbaskets\/?s={search_term_string}"},"query-input":{"@type":"PropertyValueSpecification","valueRequired":true,"valueName":"search_term_string"}}],"inLanguage":"fr-FR"},{"@type":"Organization","@id":"https:\/\/hamntesbaskets.fr\/hamntesbaskets\/#organization","name":"Ham'N tes baskets","url":"https:\/\/hamntesbaskets.fr\/hamntesbaskets\/","logo":{"@type":"ImageObject","inLanguage":"fr-FR","@id":"https:\/\/hamntesbaskets.fr\/hamntesbaskets\/#\/schema\/logo\/image\/","url":"https:\/\/hamntesbaskets.fr\/hamntesbaskets\/wp-content\/uploads\/2024\/02\/cropped-Logo-coureur-face-png.png","contentUrl":"https:\/\/hamntesbaskets.fr\/hamntesbaskets\/wp-content\/uploads\/2024\/02\/cropped-Logo-coureur-face-png.png","width":1085,"height":748,"caption":"Ham'N tes baskets"},"image":{"@id":"https:\/\/hamntesbaskets.fr\/hamntesbaskets\/#\/schema\/logo\/image\/"},"sameAs":["https:\/\/www.facebook.com\/hamntesbaskets\/","http:\/\/www.instagram.com\/hamntesbaskets"]}]}},"_links":{"self":[{"href":"https:\/\/hamntesbaskets.fr\/hamntesbaskets\/wp-json\/wp\/v2\/pages\/1015","targetHints":{"allow":["GET"]}}],"collection":[{"href":"https:\/\/hamntesbaskets.fr\/hamntesbaskets\/wp-json\/wp\/v2\/pages"}],"about":[{"href":"https:\/\/hamntesbaskets.fr\/hamntesbaskets\/wp-json\/wp\/v2\/types\/page"}],"author":[{"embeddable":true,"href":"https:\/\/hamntesbaskets.fr\/hamntesbaskets\/wp-json\/wp\/v2\/users\/1"}],"replies":[{"embeddable":true,"href":"https:\/\/hamntesbaskets.fr\/hamntesbaskets\/wp-json\/wp\/v2\/comments?post=1015"}],"version-history":[{"count":44,"href":"https:\/\/hamntesbaskets.fr\/hamntesbaskets\/wp-json\/wp\/v2\/pages\/1015\/revisions"}],"predecessor-version":[{"id":1639,"href":"https:\/\/hamntesbaskets.fr\/hamntesbaskets\/wp-json\/wp\/v2\/pages\/1015\/revisions\/1639"}],"wp:attachment":[{"href":"https:\/\/hamntesbaskets.fr\/hamntesbaskets\/wp-json\/wp\/v2\/media?parent=1015"}],"curies":[{"name":"wp","href":"https:\/\/api.w.org\/{rel}","templated":true}]}}