{"id":41,"date":"2023-11-21T20:16:04","date_gmt":"2023-11-21T19:16:04","guid":{"rendered":"https:\/\/hamntesbaskets.fr\/?page_id=41"},"modified":"2025-11-16T11:27:43","modified_gmt":"2025-11-16T10:27:43","slug":"accueil","status":"publish","type":"page","link":"https:\/\/hamntesbaskets.fr\/","title":{"rendered":"Accueil"},"content":{"rendered":"\t\t<div data-elementor-type=\"wp-page\" data-elementor-id=\"41\" class=\"elementor elementor-41\">\n\t\t\t\t\t\t\t<div class=\"elementor-element elementor-element-a2e6ff9 e-flex e-con-boxed e-con e-parent\" data-id=\"a2e6ff9\" data-element_type=\"container\" data-settings=\"{&quot;background_background&quot;:&quot;classic&quot;,&quot;content_width&quot;:&quot;boxed&quot;}\" data-core-v316-plus=\"true\">\n\t\t\t\t\t<div class=\"e-con-inner\">\n\t\t\t\t<div class=\"elementor-element elementor-element-6b93d3c elementor-widget elementor-widget-heading\" data-id=\"6b93d3c\" data-element_type=\"widget\" data-widget_type=\"heading.default\">\n\t\t\t\t<div class=\"elementor-widget-container\">\n\t\t\t<style>\/*! elementor - v3.18.0 - 20-12-2023 *\/\n.elementor-heading-title{padding:0;margin:0;line-height:1}.elementor-widget-heading .elementor-heading-title[class*=elementor-size-]>a{color:inherit;font-size:inherit;line-height:inherit}.elementor-widget-heading .elementor-heading-title.elementor-size-small{font-size:15px}.elementor-widget-heading .elementor-heading-title.elementor-size-medium{font-size:19px}.elementor-widget-heading .elementor-heading-title.elementor-size-large{font-size:29px}.elementor-widget-heading .elementor-heading-title.elementor-size-xl{font-size:39px}.elementor-widget-heading .elementor-heading-title.elementor-size-xxl{font-size:59px}<\/style><h2 class=\"elementor-heading-title elementor-size-default\">Bienvenue sur le site de notre association Ham'N tes baskets. Nous organisons 2 \u00e9v\u00e9nements sportifs en 2026 \u00e0 Ham en Artois (62) : Ham'N tes baskets le dimanche 26 avril 2026 et La Marche de la Mort le samedi 31 octobre 2026. <br>\n Cliquez sur celui qui vous int\u00e9resse et entrez dans un univers festif ou totalement  terrifiant... <\/h2>\t\t<\/div>\n\t\t\t\t<\/div>\n\t\t\t\t\t<\/div>\n\t\t\t\t<\/div>\n\t\t<div class=\"elementor-element elementor-element-61847da e-flex e-con-boxed e-con e-parent\" data-id=\"61847da\" data-element_type=\"container\" data-settings=\"{&quot;background_background&quot;:&quot;classic&quot;,&quot;content_width&quot;:&quot;boxed&quot;}\" data-core-v316-plus=\"true\">\n\t\t\t\t\t<div class=\"e-con-inner\">\n\t\t<div class=\"elementor-element elementor-element-7220545 e-con-full e-flex e-con e-child\" data-id=\"7220545\" data-element_type=\"container\" data-settings=\"{&quot;content_width&quot;:&quot;full&quot;}\">\n\t\t\t\t<div class=\"elementor-element elementor-element-bafd726 elementor-invisible elementor-widget elementor-widget-image\" data-id=\"bafd726\" data-element_type=\"widget\" data-settings=\"{&quot;_animation&quot;:&quot;fadeInDown&quot;}\" data-widget_type=\"image.default\">\n\t\t\t\t<div class=\"elementor-widget-container\">\n\t\t\t<style>\/*! elementor - v3.18.0 - 20-12-2023 *\/\n.elementor-widget-image{text-align:center}.elementor-widget-image a{display:inline-block}.elementor-widget-image a img[src$=\".svg\"]{width:48px}.elementor-widget-image img{vertical-align:middle;display:inline-block}<\/style>\t\t\t\t\t\t\t\t\t\t\t\t\t<a href=\"https:\/\/hamntesbaskets.fr\/hamntesbaskets\/\">\n\t\t\t\t\t\t\t<img fetchpriority=\"high\" decoding=\"async\" width=\"678\" height=\"1024\" src=\"https:\/\/hamntesbaskets.fr\/wp-content\/uploads\/2023\/11\/Hamn-tes-baskets-210523-1269-678x1024.jpg\" class=\"attachment-large size-large wp-image-16\" alt=\"\" srcset=\"https:\/\/hamntesbaskets.fr\/wp-content\/uploads\/2023\/11\/Hamn-tes-baskets-210523-1269-678x1024.jpg 678w, https:\/\/hamntesbaskets.fr\/wp-content\/uploads\/2023\/11\/Hamn-tes-baskets-210523-1269-199x300.jpg 199w, https:\/\/hamntesbaskets.fr\/wp-content\/uploads\/2023\/11\/Hamn-tes-baskets-210523-1269-768x1160.jpg 768w, https:\/\/hamntesbaskets.fr\/wp-content\/uploads\/2023\/11\/Hamn-tes-baskets-210523-1269-1017x1536.jpg 1017w, https:\/\/hamntesbaskets.fr\/wp-content\/uploads\/2023\/11\/Hamn-tes-baskets-210523-1269-1356x2048.jpg 1356w, https:\/\/hamntesbaskets.fr\/wp-content\/uploads\/2023\/11\/Hamn-tes-baskets-210523-1269-scaled.jpg 1696w\" sizes=\"(max-width: 678px) 100vw, 678px\" \/>\t\t\t\t\t\t\t\t<\/a>\n\t\t\t\t\t\t\t\t\t\t\t\t\t\t\t<\/div>\n\t\t\t\t<\/div>\n\t\t\t\t<\/div>\n\t\t<div class=\"elementor-element elementor-element-37f1ce2 e-con-full e-flex e-con e-child\" data-id=\"37f1ce2\" data-element_type=\"container\" data-settings=\"{&quot;content_width&quot;:&quot;full&quot;}\">\n\t\t\t\t<div class=\"elementor-element elementor-element-69c4992 elementor-invisible elementor-widget elementor-widget-image\" data-id=\"69c4992\" data-element_type=\"widget\" data-settings=\"{&quot;_animation&quot;:&quot;fadeInUp&quot;}\" data-widget_type=\"image.default\">\n\t\t\t\t<div class=\"elementor-widget-container\">\n\t\t\t\t\t\t\t\t\t\t\t\t\t\t\t\t<a href=\"https:\/\/hamntesbaskets.fr\/lamarchedelamort\/\">\n\t\t\t\t\t\t\t<img decoding=\"async\" width=\"683\" height=\"1024\" src=\"https:\/\/hamntesbaskets.fr\/wp-content\/uploads\/2023\/11\/SiteWeb_accueil-683x1024.jpg\" class=\"attachment-large size-large wp-image-17\" alt=\"\" srcset=\"https:\/\/hamntesbaskets.fr\/wp-content\/uploads\/2023\/11\/SiteWeb_accueil-683x1024.jpg 683w, https:\/\/hamntesbaskets.fr\/wp-content\/uploads\/2023\/11\/SiteWeb_accueil-200x300.jpg 200w, https:\/\/hamntesbaskets.fr\/wp-content\/uploads\/2023\/11\/SiteWeb_accueil-768x1152.jpg 768w, https:\/\/hamntesbaskets.fr\/wp-content\/uploads\/2023\/11\/SiteWeb_accueil-1024x1536.jpg 1024w, https:\/\/hamntesbaskets.fr\/wp-content\/uploads\/2023\/11\/SiteWeb_accueil-1365x2048.jpg 1365w, https:\/\/hamntesbaskets.fr\/wp-content\/uploads\/2023\/11\/SiteWeb_accueil-scaled.jpg 1707w\" sizes=\"(max-width: 683px) 100vw, 683px\" \/>\t\t\t\t\t\t\t\t<\/a>\n\t\t\t\t\t\t\t\t\t\t\t\t\t\t\t<\/div>\n\t\t\t\t<\/div>\n\t\t\t\t<\/div>\n\t\t\t\t\t<\/div>\n\t\t\t\t<\/div>\n\t\t\t\t\t\t\t<\/div>\n\t\t","protected":false},"excerpt":{"rendered":"<p>Bienvenue sur le site de notre association Ham&rsquo;N tes baskets. Nous organisons 2 \u00e9v\u00e9nements sportifs en 2026 \u00e0 Ham en [&hellip;]<\/p>\n","protected":false},"author":1,"featured_media":0,"parent":0,"menu_order":0,"comment_status":"closed","ping_status":"closed","template":"","meta":{"site-sidebar-layout":"default","site-content-layout":"","ast-site-content-layout":"default","site-content-style":"default","site-sidebar-style":"default","ast-global-header-display":"","ast-banner-title-visibility":"","ast-main-header-display":"","ast-hfb-above-header-display":"","ast-hfb-below-header-display":"","ast-hfb-mobile-header-display":"","site-post-title":"","ast-breadcrumbs-content":"","ast-featured-img":"","footer-sml-layout":"","theme-transparent-header-meta":"","adv-header-id-meta":"","stick-header-meta":"","header-above-stick-meta":"","header-main-stick-meta":"","header-below-stick-meta":"","astra-migrate-meta-layouts":"default","ast-page-background-enabled":"default","ast-page-background-meta":{"desktop":{"background-color":"var(--ast-global-color-4)","background-image":"","background-repeat":"repeat","background-position":"center center","background-size":"auto","background-attachment":"scroll","background-type":"","background-media":"","overlay-type":"","overlay-color":"","overlay-opacity":"","overlay-gradient":""},"tablet":{"background-color":"","background-image":"","background-repeat":"repeat","background-position":"center center","background-size":"auto","background-attachment":"scroll","background-type":"","background-media":"","overlay-type":"","overlay-color":"","overlay-opacity":"","overlay-gradient":""},"mobile":{"background-color":"","background-image":"","background-repeat":"repeat","background-position":"center center","background-size":"auto","background-attachment":"scroll","background-type":"","background-media":"","overlay-type":"","overlay-color":"","overlay-opacity":"","overlay-gradient":""}},"ast-content-background-meta":{"desktop":{"background-color":"var(--ast-global-color-5)","background-image":"","background-repeat":"repeat","background-position":"center center","background-size":"auto","background-attachment":"scroll","background-type":"","background-media":"","overlay-type":"","overlay-color":"","overlay-opacity":"","overlay-gradient":""},"tablet":{"background-color":"var(--ast-global-color-5)","background-image":"","background-repeat":"repeat","background-position":"center center","background-size":"auto","background-attachment":"scroll","background-type":"","background-media":"","overlay-type":"","overlay-color":"","overlay-opacity":"","overlay-gradient":""},"mobile":{"background-color":"var(--ast-global-color-5)","background-image":"","background-repeat":"repeat","background-position":"center center","background-size":"auto","background-attachment":"scroll","background-type":"","background-media":"","overlay-type":"","overlay-color":"","overlay-opacity":"","overlay-gradient":""}},"footnotes":""},"yoast_head":"<!-- This site is optimized with the Yoast SEO plugin v22.4 - https:\/\/yoast.com\/wordpress\/plugins\/seo\/ -->\n<title>Ham&#039;N tes baskets - La Marche de la Mort<\/title>\n<meta name=\"description\" content=\"Site de l&#039;association Ham&#039;N tes baskets situ\u00e9e \u00e0 Ham en Artois(62). 2 \u00e9v\u00e9nements sont organis\u00e9s : Ham&#039;N tes baskets et La Marche de la Mort.\" \/>\n<meta name=\"robots\" content=\"index, follow, max-snippet:-1, max-image-preview:large, max-video-preview:-1\" \/>\n<link rel=\"canonical\" href=\"https:\/\/hamntesbaskets.fr\/\" \/>\n<meta property=\"og:locale\" content=\"fr_FR\" \/>\n<meta property=\"og:type\" content=\"article\" \/>\n<meta property=\"og:title\" content=\"Ham&#039;N tes baskets\" \/>\n<meta property=\"og:description\" content=\"Site de l&#039;association Ham&#039;N tes baskets situ\u00e9e \u00e0 Ham en Artois(62). 2 \u00e9v\u00e9nements sont organis\u00e9s : Ham&#039;N tes baskets et La Marche de la Mort.\" \/>\n<meta property=\"og:url\" content=\"https:\/\/hamntesbaskets.fr\/\" \/>\n<meta property=\"og:site_name\" content=\"HAM&#039;N TES BASKETS\" \/>\n<meta property=\"article:publisher\" content=\"https:\/\/www.facebook.com\/hamntesbaskets\/\" \/>\n<meta property=\"article:modified_time\" content=\"2025-11-16T10:27:43+00:00\" \/>\n<meta property=\"og:image\" content=\"http:\/\/hamntesbaskets.fr\/wp-content\/uploads\/2023\/11\/cropped-Logo-coureur-dos-scaled-3.jpg\" \/>\n\t<meta property=\"og:image:width\" content=\"1807\" \/>\n\t<meta property=\"og:image:height\" content=\"2050\" \/>\n\t<meta property=\"og:image:type\" content=\"image\/jpeg\" \/>\n<meta name=\"twitter:card\" content=\"summary_large_image\" \/>\n<meta name=\"twitter:label1\" content=\"Dur\u00e9e de lecture estim\u00e9e\" \/>\n\t<meta name=\"twitter:data1\" content=\"1 minute\" \/>\n<script type=\"application\/ld+json\" class=\"yoast-schema-graph\">{\"@context\":\"https:\/\/schema.org\",\"@graph\":[{\"@type\":\"WebPage\",\"@id\":\"https:\/\/hamntesbaskets.fr\/\",\"url\":\"https:\/\/hamntesbaskets.fr\/\",\"name\":\"Ham'N tes baskets - La Marche de la Mort\",\"isPartOf\":{\"@id\":\"https:\/\/hamntesbaskets.fr\/#website\"},\"primaryImageOfPage\":{\"@id\":\"https:\/\/hamntesbaskets.fr\/#primaryimage\"},\"image\":{\"@id\":\"https:\/\/hamntesbaskets.fr\/#primaryimage\"},\"thumbnailUrl\":\"http:\/\/hamntesbaskets.fr\/wp-content\/uploads\/2023\/11\/Hamn-tes-baskets-210523-1269-678x1024.jpg\",\"datePublished\":\"2023-11-21T19:16:04+00:00\",\"dateModified\":\"2025-11-16T10:27:43+00:00\",\"description\":\"Site de l'association Ham'N tes baskets situ\u00e9e \u00e0 Ham en Artois(62). 2 \u00e9v\u00e9nements sont organis\u00e9s : Ham'N tes baskets et La Marche de la Mort.\",\"breadcrumb\":{\"@id\":\"https:\/\/hamntesbaskets.fr\/#breadcrumb\"},\"inLanguage\":\"fr-FR\",\"potentialAction\":[{\"@type\":\"ReadAction\",\"target\":[\"https:\/\/hamntesbaskets.fr\/\"]}]},{\"@type\":\"ImageObject\",\"inLanguage\":\"fr-FR\",\"@id\":\"https:\/\/hamntesbaskets.fr\/#primaryimage\",\"url\":\"http:\/\/hamntesbaskets.fr\/wp-content\/uploads\/2023\/11\/Hamn-tes-baskets-210523-1269-678x1024.jpg\",\"contentUrl\":\"http:\/\/hamntesbaskets.fr\/wp-content\/uploads\/2023\/11\/Hamn-tes-baskets-210523-1269-678x1024.jpg\"},{\"@type\":\"BreadcrumbList\",\"@id\":\"https:\/\/hamntesbaskets.fr\/#breadcrumb\",\"itemListElement\":[{\"@type\":\"ListItem\",\"position\":1,\"name\":\"Accueil\",\"item\":\"https:\/\/hamntesbaskets.fr\/\"},{\"@type\":\"ListItem\",\"position\":2,\"name\":\"Accueil\"}]},{\"@type\":\"WebSite\",\"@id\":\"https:\/\/hamntesbaskets.fr\/#website\",\"url\":\"https:\/\/hamntesbaskets.fr\/\",\"name\":\"HAM'N TES BASKETS\",\"description\":\"Et surtout ne les oublie pas!\",\"publisher\":{\"@id\":\"https:\/\/hamntesbaskets.fr\/#organization\"},\"potentialAction\":[{\"@type\":\"SearchAction\",\"target\":{\"@type\":\"EntryPoint\",\"urlTemplate\":\"https:\/\/hamntesbaskets.fr\/?s={search_term_string}\"},\"query-input\":\"required name=search_term_string\"}],\"inLanguage\":\"fr-FR\"},{\"@type\":\"Organization\",\"@id\":\"https:\/\/hamntesbaskets.fr\/#organization\",\"name\":\"HAM'N TES BASKETS\",\"url\":\"https:\/\/hamntesbaskets.fr\/\",\"logo\":{\"@type\":\"ImageObject\",\"inLanguage\":\"fr-FR\",\"@id\":\"https:\/\/hamntesbaskets.fr\/#\/schema\/logo\/image\/\",\"url\":\"https:\/\/hamntesbaskets.fr\/wp-content\/uploads\/2023\/11\/cropped-Logo-coureur-dos-scaled-3.jpg\",\"contentUrl\":\"https:\/\/hamntesbaskets.fr\/wp-content\/uploads\/2023\/11\/cropped-Logo-coureur-dos-scaled-3.jpg\",\"width\":1807,\"height\":2050,\"caption\":\"HAM'N TES BASKETS\"},\"image\":{\"@id\":\"https:\/\/hamntesbaskets.fr\/#\/schema\/logo\/image\/\"},\"sameAs\":[\"https:\/\/www.facebook.com\/hamntesbaskets\/\",\"https:\/\/www.instagram.com\/hamntesbaskets\"]}]}<\/script>\n<!-- \/ Yoast SEO plugin. -->","yoast_head_json":{"title":"Ham'N tes baskets - La Marche de la Mort","description":"Site de l'association Ham'N tes baskets situ\u00e9e \u00e0 Ham en Artois(62). 2 \u00e9v\u00e9nements sont organis\u00e9s : Ham'N tes baskets et La Marche de la Mort.","robots":{"index":"index","follow":"follow","max-snippet":"max-snippet:-1","max-image-preview":"max-image-preview:large","max-video-preview":"max-video-preview:-1"},"canonical":"https:\/\/hamntesbaskets.fr\/","og_locale":"fr_FR","og_type":"article","og_title":"Ham'N tes baskets","og_description":"Site de l'association Ham'N tes baskets situ\u00e9e \u00e0 Ham en Artois(62). 2 \u00e9v\u00e9nements sont organis\u00e9s : Ham'N tes baskets et La Marche de la Mort.","og_url":"https:\/\/hamntesbaskets.fr\/","og_site_name":"HAM&#039;N TES BASKETS","article_publisher":"https:\/\/www.facebook.com\/hamntesbaskets\/","article_modified_time":"2025-11-16T10:27:43+00:00","og_image":[{"width":1807,"height":2050,"url":"http:\/\/hamntesbaskets.fr\/wp-content\/uploads\/2023\/11\/cropped-Logo-coureur-dos-scaled-3.jpg","type":"image\/jpeg"}],"twitter_card":"summary_large_image","twitter_misc":{"Dur\u00e9e de lecture estim\u00e9e":"1 minute"},"schema":{"@context":"https:\/\/schema.org","@graph":[{"@type":"WebPage","@id":"https:\/\/hamntesbaskets.fr\/","url":"https:\/\/hamntesbaskets.fr\/","name":"Ham'N tes baskets - La Marche de la Mort","isPartOf":{"@id":"https:\/\/hamntesbaskets.fr\/#website"},"primaryImageOfPage":{"@id":"https:\/\/hamntesbaskets.fr\/#primaryimage"},"image":{"@id":"https:\/\/hamntesbaskets.fr\/#primaryimage"},"thumbnailUrl":"http:\/\/hamntesbaskets.fr\/wp-content\/uploads\/2023\/11\/Hamn-tes-baskets-210523-1269-678x1024.jpg","datePublished":"2023-11-21T19:16:04+00:00","dateModified":"2025-11-16T10:27:43+00:00","description":"Site de l'association Ham'N tes baskets situ\u00e9e \u00e0 Ham en Artois(62). 2 \u00e9v\u00e9nements sont organis\u00e9s : Ham'N tes baskets et La Marche de la Mort.","breadcrumb":{"@id":"https:\/\/hamntesbaskets.fr\/#breadcrumb"},"inLanguage":"fr-FR","potentialAction":[{"@type":"ReadAction","target":["https:\/\/hamntesbaskets.fr\/"]}]},{"@type":"ImageObject","inLanguage":"fr-FR","@id":"https:\/\/hamntesbaskets.fr\/#primaryimage","url":"http:\/\/hamntesbaskets.fr\/wp-content\/uploads\/2023\/11\/Hamn-tes-baskets-210523-1269-678x1024.jpg","contentUrl":"http:\/\/hamntesbaskets.fr\/wp-content\/uploads\/2023\/11\/Hamn-tes-baskets-210523-1269-678x1024.jpg"},{"@type":"BreadcrumbList","@id":"https:\/\/hamntesbaskets.fr\/#breadcrumb","itemListElement":[{"@type":"ListItem","position":1,"name":"Accueil","item":"https:\/\/hamntesbaskets.fr\/"},{"@type":"ListItem","position":2,"name":"Accueil"}]},{"@type":"WebSite","@id":"https:\/\/hamntesbaskets.fr\/#website","url":"https:\/\/hamntesbaskets.fr\/","name":"HAM'N TES BASKETS","description":"Et surtout ne les oublie pas!","publisher":{"@id":"https:\/\/hamntesbaskets.fr\/#organization"},"potentialAction":[{"@type":"SearchAction","target":{"@type":"EntryPoint","urlTemplate":"https:\/\/hamntesbaskets.fr\/?s={search_term_string}"},"query-input":"required name=search_term_string"}],"inLanguage":"fr-FR"},{"@type":"Organization","@id":"https:\/\/hamntesbaskets.fr\/#organization","name":"HAM'N TES BASKETS","url":"https:\/\/hamntesbaskets.fr\/","logo":{"@type":"ImageObject","inLanguage":"fr-FR","@id":"https:\/\/hamntesbaskets.fr\/#\/schema\/logo\/image\/","url":"https:\/\/hamntesbaskets.fr\/wp-content\/uploads\/2023\/11\/cropped-Logo-coureur-dos-scaled-3.jpg","contentUrl":"https:\/\/hamntesbaskets.fr\/wp-content\/uploads\/2023\/11\/cropped-Logo-coureur-dos-scaled-3.jpg","width":1807,"height":2050,"caption":"HAM'N TES BASKETS"},"image":{"@id":"https:\/\/hamntesbaskets.fr\/#\/schema\/logo\/image\/"},"sameAs":["https:\/\/www.facebook.com\/hamntesbaskets\/","https:\/\/www.instagram.com\/hamntesbaskets"]}]}},"_links":{"self":[{"href":"https:\/\/hamntesbaskets.fr\/index.php?rest_route=\/wp\/v2\/pages\/41"}],"collection":[{"href":"https:\/\/hamntesbaskets.fr\/index.php?rest_route=\/wp\/v2\/pages"}],"about":[{"href":"https:\/\/hamntesbaskets.fr\/index.php?rest_route=\/wp\/v2\/types\/page"}],"author":[{"embeddable":true,"href":"https:\/\/hamntesbaskets.fr\/index.php?rest_route=\/wp\/v2\/users\/1"}],"replies":[{"embeddable":true,"href":"https:\/\/hamntesbaskets.fr\/index.php?rest_route=%2Fwp%2Fv2%2Fcomments&post=41"}],"version-history":[{"count":43,"href":"https:\/\/hamntesbaskets.fr\/index.php?rest_route=\/wp\/v2\/pages\/41\/revisions"}],"predecessor-version":[{"id":108,"href":"https:\/\/hamntesbaskets.fr\/index.php?rest_route=\/wp\/v2\/pages\/41\/revisions\/108"}],"wp:attachment":[{"href":"https:\/\/hamntesbaskets.fr\/index.php?rest_route=%2Fwp%2Fv2%2Fmedia&parent=41"}],"curies":[{"name":"wp","href":"https:\/\/api.w.org\/{rel}","templated":true}]}}