{"id":1336,"date":"2024-10-06T15:17:03","date_gmt":"2024-10-06T13:17:03","guid":{"rendered":"https:\/\/hamntesbaskets.fr\/lamarchedelamort\/?page_id=1336"},"modified":"2025-10-26T12:31:52","modified_gmt":"2025-10-26T11:31:52","slug":"parcours","status":"publish","type":"page","link":"https:\/\/hamntesbaskets.fr\/lamarchedelamort\/index.php\/parcours\/","title":{"rendered":"Parcours"},"content":{"rendered":"\t\t<div data-elementor-type=\"wp-post\" data-elementor-id=\"1336\" class=\"elementor elementor-1336\">\n\t\t\t\t\t\t<section class=\"elementor-section elementor-top-section elementor-element elementor-element-797db47 elementor-section-content-middle elementor-section-boxed elementor-section-height-default elementor-section-height-default\" data-id=\"797db47\" data-element_type=\"section\" data-e-type=\"section\" data-settings=\"{&quot;background_background&quot;:&quot;classic&quot;}\">\n\t\t\t\t\t\t\t<div class=\"elementor-background-overlay\"><\/div>\n\t\t\t\t\t\t\t<div class=\"elementor-container elementor-column-gap-no\">\n\t\t\t\t\t<div class=\"elementor-column elementor-col-100 elementor-top-column elementor-element elementor-element-b15b336\" data-id=\"b15b336\" data-element_type=\"column\" data-e-type=\"column\">\n\t\t\t<div class=\"elementor-widget-wrap elementor-element-populated\">\n\t\t\t\t\t\t<div class=\"elementor-element elementor-element-ea3c554 elementor-widget elementor-widget-heading\" data-id=\"ea3c554\" data-element_type=\"widget\" data-e-type=\"widget\" data-widget_type=\"heading.default\">\n\t\t\t\t<div class=\"elementor-widget-container\">\n\t\t\t\t\t<h1 class=\"elementor-heading-title elementor-size-default\">Le Parcours de la Mort 2025<\/h1>\t\t\t\t<\/div>\n\t\t\t\t<\/div>\n\t\t\t\t\t<\/div>\n\t\t<\/div>\n\t\t\t\t\t<\/div>\n\t\t<\/section>\n\t\t<div class=\"elementor-element elementor-element-8694ef5 e-flex e-con-boxed e-con e-parent\" data-id=\"8694ef5\" data-element_type=\"container\" data-e-type=\"container\">\n\t\t\t\t\t<div class=\"e-con-inner\">\n\t\t\t\t<div class=\"elementor-element elementor-element-c658c07 elementor-widget elementor-widget-text-editor\" data-id=\"c658c07\" data-element_type=\"widget\" data-e-type=\"widget\" data-widget_type=\"text-editor.default\">\n\t\t\t\t<div class=\"elementor-widget-container\">\n\t\t\t\t\t\t\t\t\t<p>Un parcours de la Mort vous attend Mouah ah ah ! Pour la Marche de la Mort, il fallait bien s\u00fbr un parcours costaud, le plus difficile possible en partant d&rsquo;Ham en Artois.\u00a0<\/p><p>51,3km et 710m D+ en une seule boucle avec 80% de chemins! Suivant les conditions m\u00e9t\u00e9o, attendez-vous \u00e0 des passages bien boueux Mouah ah ah. Chaussures de Trail ou Rando avec un minimum d&rsquo;accroche vivement conseill\u00e9es.\u00a0<\/p><p>Nous remercions toutes les communes travers\u00e9es pour leur coop\u00e9ration : Ames, Amettes, Aumerval, Bailleul les Pernes, Bourecq, Fiefs, Fontaine les Hermans, Ham en Artois, Lespesses, Li\u00e8res, Lillers, N\u00e9don, N\u00e9donchel, Pernes, Sachin, Saint Hilaire Cottes.\u00a0<\/p><p>3 ravitaillements au km 10,5(AMES) \/ 25,5 (NEDONCHEL) \/ 38 (AUMERVAL).<\/p><p>Voici quelles sont les barri\u00e8res horaires :\u00a0<\/p>\t\t\t\t\t\t\t\t<\/div>\n\t\t\t\t<\/div>\n\t\t\t\t<div class=\"elementor-element elementor-element-64fe7f9 elementor-widget__width-initial elementor-widget elementor-widget-image\" data-id=\"64fe7f9\" data-element_type=\"widget\" data-e-type=\"widget\" data-widget_type=\"image.default\">\n\t\t\t\t<div class=\"elementor-widget-container\">\n\t\t\t\t\t\t\t\t\t\t\t\t\t\t\t<img fetchpriority=\"high\" decoding=\"async\" width=\"939\" height=\"788\" src=\"https:\/\/hamntesbaskets.fr\/lamarchedelamort\/wp-content\/uploads\/2025\/10\/D0FC8F47-EF38-4C89-9614-CD6E8CFCD7A8-1.jpeg\" class=\"attachment-large size-large wp-image-1796\" alt=\"\" srcset=\"https:\/\/hamntesbaskets.fr\/lamarchedelamort\/wp-content\/uploads\/2025\/10\/D0FC8F47-EF38-4C89-9614-CD6E8CFCD7A8-1.jpeg 939w, https:\/\/hamntesbaskets.fr\/lamarchedelamort\/wp-content\/uploads\/2025\/10\/D0FC8F47-EF38-4C89-9614-CD6E8CFCD7A8-1-300x252.jpeg 300w, https:\/\/hamntesbaskets.fr\/lamarchedelamort\/wp-content\/uploads\/2025\/10\/D0FC8F47-EF38-4C89-9614-CD6E8CFCD7A8-1-768x644.jpeg 768w\" sizes=\"(max-width: 939px) 100vw, 939px\" \/>\t\t\t\t\t\t\t\t\t\t\t\t\t\t\t<\/div>\n\t\t\t\t<\/div>\n\t\t\t\t<div class=\"elementor-element elementor-element-a98ef7a elementor-widget elementor-widget-text-editor\" data-id=\"a98ef7a\" data-element_type=\"widget\" data-e-type=\"widget\" data-widget_type=\"text-editor.default\">\n\t\t\t\t<div class=\"elementor-widget-container\">\n\t\t\t\t\t\t\t\t\t<p>8 points navettes ont \u00e9t\u00e9 r\u00e9pertori\u00e9s. En cas d&rsquo;abandon vous devez donc vous rendre \u00e0 un de ces points (et uniquement \u00e0 1 de ces points) et appeler la Navette de la Mort (n\u00b0 visible sur le dossard) qui viendra vous rechercher.\u00a0<\/p>\t\t\t\t\t\t\t\t<\/div>\n\t\t\t\t<\/div>\n\t\t<div class=\"elementor-element elementor-element-30c8932 e-grid e-con-full e-con e-child\" data-id=\"30c8932\" data-element_type=\"container\" data-e-type=\"container\">\n\t\t\t\t<div class=\"elementor-element elementor-element-e15da24 elementor-widget elementor-widget-image\" data-id=\"e15da24\" data-element_type=\"widget\" data-e-type=\"widget\" data-widget_type=\"image.default\">\n\t\t\t\t<div class=\"elementor-widget-container\">\n\t\t\t\t\t\t\t\t\t\t\t\t\t\t\t<img decoding=\"async\" width=\"820\" height=\"391\" src=\"https:\/\/hamntesbaskets.fr\/lamarchedelamort\/wp-content\/uploads\/2025\/10\/IMG_6475.jpeg\" class=\"attachment-large size-large wp-image-1802\" alt=\"\" srcset=\"https:\/\/hamntesbaskets.fr\/lamarchedelamort\/wp-content\/uploads\/2025\/10\/IMG_6475.jpeg 820w, https:\/\/hamntesbaskets.fr\/lamarchedelamort\/wp-content\/uploads\/2025\/10\/IMG_6475-300x143.jpeg 300w, https:\/\/hamntesbaskets.fr\/lamarchedelamort\/wp-content\/uploads\/2025\/10\/IMG_6475-768x366.jpeg 768w\" sizes=\"(max-width: 820px) 100vw, 820px\" \/>\t\t\t\t\t\t\t\t\t\t\t\t\t\t\t<\/div>\n\t\t\t\t<\/div>\n\t\t\t\t<div class=\"elementor-element elementor-element-8a4bf5a elementor-widget elementor-widget-image\" data-id=\"8a4bf5a\" data-element_type=\"widget\" data-e-type=\"widget\" data-widget_type=\"image.default\">\n\t\t\t\t<div class=\"elementor-widget-container\">\n\t\t\t\t\t\t\t\t\t\t\t\t\t\t\t<img decoding=\"async\" width=\"1024\" height=\"512\" src=\"https:\/\/hamntesbaskets.fr\/lamarchedelamort\/wp-content\/uploads\/2025\/10\/PointNavette-1024x512.jpg\" class=\"attachment-large size-large wp-image-1827\" alt=\"\" srcset=\"https:\/\/hamntesbaskets.fr\/lamarchedelamort\/wp-content\/uploads\/2025\/10\/PointNavette-1024x512.jpg 1024w, https:\/\/hamntesbaskets.fr\/lamarchedelamort\/wp-content\/uploads\/2025\/10\/PointNavette-300x150.jpg 300w, https:\/\/hamntesbaskets.fr\/lamarchedelamort\/wp-content\/uploads\/2025\/10\/PointNavette-768x384.jpg 768w, https:\/\/hamntesbaskets.fr\/lamarchedelamort\/wp-content\/uploads\/2025\/10\/PointNavette-1536x768.jpg 1536w, https:\/\/hamntesbaskets.fr\/lamarchedelamort\/wp-content\/uploads\/2025\/10\/PointNavette-2048x1024.jpg 2048w\" sizes=\"(max-width: 1024px) 100vw, 1024px\" \/>\t\t\t\t\t\t\t\t\t\t\t\t\t\t\t<\/div>\n\t\t\t\t<\/div>\n\t\t\t\t<\/div>\n\t\t\t\t<div class=\"elementor-element elementor-element-9eaaffd elementor-alert-info elementor-widget elementor-widget-alert\" data-id=\"9eaaffd\" data-element_type=\"widget\" data-e-type=\"widget\" data-widget_type=\"alert.default\">\n\t\t\t\t<div class=\"elementor-widget-container\">\n\t\t\t\t\t\t\t<div class=\"elementor-alert\" role=\"alert\">\n\n\t\t\t\t\t\t<span class=\"elementor-alert-title\">Notre partenaire PACEVISOR vous aide \u00e0 adopter la bonne strat\u00e9gie ! App disponible sur Android et iOS <\/span>\n\t\t\t\n\t\t\t\n\t\t\t\t\t\t<button type=\"button\" class=\"elementor-alert-dismiss\" aria-label=\"Ignorer cette alerte.\">\n\t\t\t\t\t\t\t\t\t<span aria-hidden=\"true\">&times;<\/span>\n\t\t\t\t\t\t\t<\/button>\n\t\t\t\n\t\t<\/div>\n\t\t\t\t\t\t<\/div>\n\t\t\t\t<\/div>\n\t\t\t\t<div class=\"elementor-element elementor-element-e21d3e3 elementor-widget elementor-widget-text-editor\" data-id=\"e21d3e3\" data-element_type=\"widget\" data-e-type=\"widget\" data-widget_type=\"text-editor.default\">\n\t\t\t\t<div class=\"elementor-widget-container\">\n\t\t\t\t\t\t\t\t\t<p>B\u00e9n\u00e9ficiez des algorithmes avanc\u00e9s de notre partenaire Pacevisor pour pr\u00e9dire votre allure de course en fonction de vos performances pass\u00e9es, de la topographie du parcours et de vos objectifs actuels.<\/p><p>R\u00e9cup\u00e9rez un roadbook sur mesure pour chaque course, d\u00e9taillant votre strat\u00e9gie de course, les points de ravitaillement et les changements d&rsquo;allure pr\u00e9vus.<\/p><p>Lorsque vous cliquez sur \u00ab\u00a0Affiner mon profil\u00a0\u00bb, 2 modes sont propos\u00e9s.<\/p><p>-Soit \u00ab\u00a0adapter l&rsquo;allure\u00a0\u00bb : dans ce cas, en fonction de l&rsquo;allure ou vitesse choisie, Pacevisor va compenser les conditions environnementales et adapter l&rsquo;allure en fonction du d\u00e9nivel\u00e9 pour vous permettre de terminer la course.\u00a0<\/p><p>-Soit \u00ab\u00a0Tenir la moyenne\u00a0\u00bb : dans ce cas, l&rsquo;allure ou vitesse choisie sera l&rsquo;allure ou vitesse finale.\u00a0<\/p><p>L&rsquo;avantage du premier mode est pour les d\u00e9butants qui ne connaissent pas trop leur corps et veulent terminer sans faire attention \u00e0 la moyenne.\u00a0<\/p><p>En cliquant sur \u00ab\u00a0fichier GPX\u00a0\u00bb, vous pourrez t\u00e9l\u00e9charger le fichier et mettre le parcours sur votre montre GPS \/ smartphone.<\/p><p>En cliquant sur \u00ab\u00a0Ghost\u00a0\u00bb \u00a0:\u00a0<span style=\"font-style: inherit; text-align: var(--text-align);\">Vous vous rappelez du fant\u00f4me dans Mario Kart, pour voir votre replay ? T\u00e9l\u00e9chargez le fichier GPX de l&rsquo;algorithme personnalis\u00e9 Pacevisor, importez-le dans votre montre connect\u00e9e et suivez le parcours selon vos objectifs.<\/span><\/p><p>Ci dessous le widget ou acc\u00e9dez directement la page de notre \u00e9v\u00e9nement sur l&rsquo;app <a href=\"https:\/\/pacevisor.com\/races\/la-marche-de-la-mort-2024\">ICI<\/a><\/p>\t\t\t\t\t\t\t\t<\/div>\n\t\t\t\t<\/div>\n\t\t\t\t<div class=\"elementor-element elementor-element-27176d6 elementor-widget elementor-widget-html\" data-id=\"27176d6\" data-element_type=\"widget\" data-e-type=\"widget\" data-widget_type=\"html.default\">\n\t\t\t\t<div class=\"elementor-widget-container\">\n\t\t\t\t\t<div class=\"pacevisor-embed-placeholder\" data-embed-id=\"la-marche-de-la-mort-50-2025\"><\/div><script src=\"https:\/\/pacevisor.com\/embed.js\"><\/script>\t\t\t\t<\/div>\n\t\t\t\t<\/div>\n\t\t\t\t\t<\/div>\n\t\t\t\t<\/div>\n\t\t\t\t<\/div>\n\t\t","protected":false},"excerpt":{"rendered":"<p>Le Parcours de la Mort 2025 Un parcours de la Mort vous attend Mouah ah ah ! Pour la Marche de la Mort, il fallait bien s\u00fbr un parcours costaud, le plus difficile possible en partant d&rsquo;Ham en Artois.\u00a0 51,3km et 710m D+ en une seule boucle avec 80% de chemins! Suivant les conditions m\u00e9t\u00e9o, [&hellip;]<\/p>\n","protected":false},"author":1,"featured_media":0,"parent":0,"menu_order":0,"comment_status":"closed","ping_status":"closed","template":"","meta":{"_eb_attr":"","site-sidebar-layout":"no-sidebar","site-content-layout":"page-builder","ast-site-content-layout":"full-width-container","site-content-style":"unboxed","site-sidebar-style":"unboxed","ast-global-header-display":"","ast-banner-title-visibility":"","ast-main-header-display":"","ast-hfb-above-header-display":"","ast-hfb-below-header-display":"","ast-hfb-mobile-header-display":"","site-post-title":"disabled","ast-breadcrumbs-content":"","ast-featured-img":"disabled","footer-sml-layout":"","theme-transparent-header-meta":"enabled","adv-header-id-meta":"","stick-header-meta":"","header-above-stick-meta":"","header-main-stick-meta":"","header-below-stick-meta":"","astra-migrate-meta-layouts":"set","ast-page-background-enabled":"default","ast-page-background-meta":{"desktop":{"background-color":"","background-image":"","background-repeat":"repeat","background-position":"center center","background-size":"auto","background-attachment":"scroll","background-type":"","background-media":"","overlay-type":"","overlay-color":"","overlay-opacity":"","overlay-gradient":""},"tablet":{"background-color":"","background-image":"","background-repeat":"repeat","background-position":"center center","background-size":"auto","background-attachment":"scroll","background-type":"","background-media":"","overlay-type":"","overlay-color":"","overlay-opacity":"","overlay-gradient":""},"mobile":{"background-color":"","background-image":"","background-repeat":"repeat","background-position":"center center","background-size":"auto","background-attachment":"scroll","background-type":"","background-media":"","overlay-type":"","overlay-color":"","overlay-opacity":"","overlay-gradient":""}},"ast-content-background-meta":{"desktop":{"background-color":"var(--ast-global-color-5)","background-image":"","background-repeat":"repeat","background-position":"center center","background-size":"auto","background-attachment":"scroll","background-type":"","background-media":"","overlay-type":"","overlay-color":"","overlay-opacity":"","overlay-gradient":""},"tablet":{"background-color":"var(--ast-global-color-5)","background-image":"","background-repeat":"repeat","background-position":"center center","background-size":"auto","background-attachment":"scroll","background-type":"","background-media":"","overlay-type":"","overlay-color":"","overlay-opacity":"","overlay-gradient":""},"mobile":{"background-color":"var(--ast-global-color-5)","background-image":"","background-repeat":"repeat","background-position":"center center","background-size":"auto","background-attachment":"scroll","background-type":"","background-media":"","overlay-type":"","overlay-color":"","overlay-opacity":"","overlay-gradient":""}},"footnotes":""},"class_list":["post-1336","page","type-page","status-publish","hentry"],"yoast_head":"<!-- This site is optimized with the Yoast SEO plugin v27.5 - https:\/\/yoast.com\/product\/yoast-seo-wordpress\/ -->\n<title>Parcours | La Marche de la Mort<\/title>\n<meta name=\"description\" content=\"Inscrivez-vous pour la marche de la mort, un d\u00e9fi mortel de 50km qui a lieu en novembre \u00e0 Ham en Artois. Un \u00e9v\u00e9nement terrifiant!\" \/>\n<meta name=\"robots\" content=\"index, follow, max-snippet:-1, max-image-preview:large, max-video-preview:-1\" \/>\n<link rel=\"canonical\" href=\"https:\/\/hamntesbaskets.fr\/lamarchedelamort\/index.php\/parcours\/\" \/>\n<meta property=\"og:locale\" content=\"fr_FR\" \/>\n<meta property=\"og:type\" content=\"article\" \/>\n<meta property=\"og:title\" content=\"Parcours | La Marche de la Mort\" \/>\n<meta property=\"og:description\" content=\"Inscrivez-vous pour la marche de la mort, un d\u00e9fi mortel de 50km qui a lieu en novembre \u00e0 Ham en Artois. Un \u00e9v\u00e9nement terrifiant!\" \/>\n<meta property=\"og:url\" content=\"https:\/\/hamntesbaskets.fr\/lamarchedelamort\/index.php\/parcours\/\" \/>\n<meta property=\"og:site_name\" content=\"La Marche de la Mort\" \/>\n<meta property=\"article:publisher\" content=\"https:\/\/www.facebook.com\/hamntesbaskets\/\" \/>\n<meta property=\"article:modified_time\" content=\"2025-10-26T11:31:52+00:00\" \/>\n<meta property=\"og:image\" content=\"https:\/\/hamntesbaskets.fr\/lamarchedelamort\/wp-content\/uploads\/2025\/10\/D0FC8F47-EF38-4C89-9614-CD6E8CFCD7A8-1.jpeg\" \/>\n\t<meta property=\"og:image:width\" content=\"939\" \/>\n\t<meta property=\"og:image:height\" content=\"788\" \/>\n\t<meta property=\"og:image:type\" content=\"image\/jpeg\" \/>\n<meta name=\"twitter:card\" content=\"summary_large_image\" \/>\n<meta name=\"twitter:label1\" content=\"Dur\u00e9e de lecture estim\u00e9e\" \/>\n\t<meta name=\"twitter:data1\" content=\"3 minutes\" \/>\n<script type=\"application\/ld+json\" class=\"yoast-schema-graph\">{\"@context\":\"https:\\\/\\\/schema.org\",\"@graph\":[{\"@type\":\"WebPage\",\"@id\":\"https:\\\/\\\/hamntesbaskets.fr\\\/lamarchedelamort\\\/index.php\\\/parcours\\\/\",\"url\":\"https:\\\/\\\/hamntesbaskets.fr\\\/lamarchedelamort\\\/index.php\\\/parcours\\\/\",\"name\":\"Parcours | La Marche de la Mort\",\"isPartOf\":{\"@id\":\"https:\\\/\\\/hamntesbaskets.fr\\\/lamarchedelamort\\\/#website\"},\"primaryImageOfPage\":{\"@id\":\"https:\\\/\\\/hamntesbaskets.fr\\\/lamarchedelamort\\\/index.php\\\/parcours\\\/#primaryimage\"},\"image\":{\"@id\":\"https:\\\/\\\/hamntesbaskets.fr\\\/lamarchedelamort\\\/index.php\\\/parcours\\\/#primaryimage\"},\"thumbnailUrl\":\"https:\\\/\\\/hamntesbaskets.fr\\\/lamarchedelamort\\\/wp-content\\\/uploads\\\/2025\\\/10\\\/D0FC8F47-EF38-4C89-9614-CD6E8CFCD7A8-1.jpeg\",\"datePublished\":\"2024-10-06T13:17:03+00:00\",\"dateModified\":\"2025-10-26T11:31:52+00:00\",\"description\":\"Inscrivez-vous pour la marche de la mort, un d\u00e9fi mortel de 50km qui a lieu en novembre \u00e0 Ham en Artois. Un \u00e9v\u00e9nement terrifiant!\",\"breadcrumb\":{\"@id\":\"https:\\\/\\\/hamntesbaskets.fr\\\/lamarchedelamort\\\/index.php\\\/parcours\\\/#breadcrumb\"},\"inLanguage\":\"fr-FR\",\"potentialAction\":[{\"@type\":\"ReadAction\",\"target\":[\"https:\\\/\\\/hamntesbaskets.fr\\\/lamarchedelamort\\\/index.php\\\/parcours\\\/\"]}]},{\"@type\":\"ImageObject\",\"inLanguage\":\"fr-FR\",\"@id\":\"https:\\\/\\\/hamntesbaskets.fr\\\/lamarchedelamort\\\/index.php\\\/parcours\\\/#primaryimage\",\"url\":\"https:\\\/\\\/hamntesbaskets.fr\\\/lamarchedelamort\\\/wp-content\\\/uploads\\\/2025\\\/10\\\/D0FC8F47-EF38-4C89-9614-CD6E8CFCD7A8-1.jpeg\",\"contentUrl\":\"https:\\\/\\\/hamntesbaskets.fr\\\/lamarchedelamort\\\/wp-content\\\/uploads\\\/2025\\\/10\\\/D0FC8F47-EF38-4C89-9614-CD6E8CFCD7A8-1.jpeg\",\"width\":939,\"height\":788},{\"@type\":\"BreadcrumbList\",\"@id\":\"https:\\\/\\\/hamntesbaskets.fr\\\/lamarchedelamort\\\/index.php\\\/parcours\\\/#breadcrumb\",\"itemListElement\":[{\"@type\":\"ListItem\",\"position\":1,\"name\":\"Accueil\",\"item\":\"https:\\\/\\\/hamntesbaskets.fr\\\/lamarchedelamort\\\/\"},{\"@type\":\"ListItem\",\"position\":2,\"name\":\"Parcours\"}]},{\"@type\":\"WebSite\",\"@id\":\"https:\\\/\\\/hamntesbaskets.fr\\\/lamarchedelamort\\\/#website\",\"url\":\"https:\\\/\\\/hamntesbaskets.fr\\\/lamarchedelamort\\\/\",\"name\":\"La Marche de la Mort\",\"description\":\"un d\u00e9fi mortel !\",\"publisher\":{\"@id\":\"https:\\\/\\\/hamntesbaskets.fr\\\/lamarchedelamort\\\/#organization\"},\"potentialAction\":[{\"@type\":\"SearchAction\",\"target\":{\"@type\":\"EntryPoint\",\"urlTemplate\":\"https:\\\/\\\/hamntesbaskets.fr\\\/lamarchedelamort\\\/?s={search_term_string}\"},\"query-input\":{\"@type\":\"PropertyValueSpecification\",\"valueRequired\":true,\"valueName\":\"search_term_string\"}}],\"inLanguage\":\"fr-FR\"},{\"@type\":\"Organization\",\"@id\":\"https:\\\/\\\/hamntesbaskets.fr\\\/lamarchedelamort\\\/#organization\",\"name\":\"La Marche de la Mort\",\"url\":\"https:\\\/\\\/hamntesbaskets.fr\\\/lamarchedelamort\\\/\",\"logo\":{\"@type\":\"ImageObject\",\"inLanguage\":\"fr-FR\",\"@id\":\"https:\\\/\\\/hamntesbaskets.fr\\\/lamarchedelamort\\\/#\\\/schema\\\/logo\\\/image\\\/\",\"url\":\"https:\\\/\\\/hamntesbaskets.fr\\\/lamarchedelamort\\\/wp-content\\\/uploads\\\/2023\\\/12\\\/cropped-logo_bonhomme.png\",\"contentUrl\":\"https:\\\/\\\/hamntesbaskets.fr\\\/lamarchedelamort\\\/wp-content\\\/uploads\\\/2023\\\/12\\\/cropped-logo_bonhomme.png\",\"width\":512,\"height\":512,\"caption\":\"La Marche de la Mort\"},\"image\":{\"@id\":\"https:\\\/\\\/hamntesbaskets.fr\\\/lamarchedelamort\\\/#\\\/schema\\\/logo\\\/image\\\/\"},\"sameAs\":[\"https:\\\/\\\/www.facebook.com\\\/hamntesbaskets\\\/\",\"https:\\\/\\\/www.instagram.com\\\/hamntesbaskets\"]}]}<\/script>\n<!-- \/ Yoast SEO plugin. -->","yoast_head_json":{"title":"Parcours | La Marche de la Mort","description":"Inscrivez-vous pour la marche de la mort, un d\u00e9fi mortel de 50km qui a lieu en novembre \u00e0 Ham en Artois. Un \u00e9v\u00e9nement terrifiant!","robots":{"index":"index","follow":"follow","max-snippet":"max-snippet:-1","max-image-preview":"max-image-preview:large","max-video-preview":"max-video-preview:-1"},"canonical":"https:\/\/hamntesbaskets.fr\/lamarchedelamort\/index.php\/parcours\/","og_locale":"fr_FR","og_type":"article","og_title":"Parcours | La Marche de la Mort","og_description":"Inscrivez-vous pour la marche de la mort, un d\u00e9fi mortel de 50km qui a lieu en novembre \u00e0 Ham en Artois. Un \u00e9v\u00e9nement terrifiant!","og_url":"https:\/\/hamntesbaskets.fr\/lamarchedelamort\/index.php\/parcours\/","og_site_name":"La Marche de la Mort","article_publisher":"https:\/\/www.facebook.com\/hamntesbaskets\/","article_modified_time":"2025-10-26T11:31:52+00:00","og_image":[{"width":939,"height":788,"url":"https:\/\/hamntesbaskets.fr\/lamarchedelamort\/wp-content\/uploads\/2025\/10\/D0FC8F47-EF38-4C89-9614-CD6E8CFCD7A8-1.jpeg","type":"image\/jpeg"}],"twitter_card":"summary_large_image","twitter_misc":{"Dur\u00e9e de lecture estim\u00e9e":"3 minutes"},"schema":{"@context":"https:\/\/schema.org","@graph":[{"@type":"WebPage","@id":"https:\/\/hamntesbaskets.fr\/lamarchedelamort\/index.php\/parcours\/","url":"https:\/\/hamntesbaskets.fr\/lamarchedelamort\/index.php\/parcours\/","name":"Parcours | La Marche de la Mort","isPartOf":{"@id":"https:\/\/hamntesbaskets.fr\/lamarchedelamort\/#website"},"primaryImageOfPage":{"@id":"https:\/\/hamntesbaskets.fr\/lamarchedelamort\/index.php\/parcours\/#primaryimage"},"image":{"@id":"https:\/\/hamntesbaskets.fr\/lamarchedelamort\/index.php\/parcours\/#primaryimage"},"thumbnailUrl":"https:\/\/hamntesbaskets.fr\/lamarchedelamort\/wp-content\/uploads\/2025\/10\/D0FC8F47-EF38-4C89-9614-CD6E8CFCD7A8-1.jpeg","datePublished":"2024-10-06T13:17:03+00:00","dateModified":"2025-10-26T11:31:52+00:00","description":"Inscrivez-vous pour la marche de la mort, un d\u00e9fi mortel de 50km qui a lieu en novembre \u00e0 Ham en Artois. Un \u00e9v\u00e9nement terrifiant!","breadcrumb":{"@id":"https:\/\/hamntesbaskets.fr\/lamarchedelamort\/index.php\/parcours\/#breadcrumb"},"inLanguage":"fr-FR","potentialAction":[{"@type":"ReadAction","target":["https:\/\/hamntesbaskets.fr\/lamarchedelamort\/index.php\/parcours\/"]}]},{"@type":"ImageObject","inLanguage":"fr-FR","@id":"https:\/\/hamntesbaskets.fr\/lamarchedelamort\/index.php\/parcours\/#primaryimage","url":"https:\/\/hamntesbaskets.fr\/lamarchedelamort\/wp-content\/uploads\/2025\/10\/D0FC8F47-EF38-4C89-9614-CD6E8CFCD7A8-1.jpeg","contentUrl":"https:\/\/hamntesbaskets.fr\/lamarchedelamort\/wp-content\/uploads\/2025\/10\/D0FC8F47-EF38-4C89-9614-CD6E8CFCD7A8-1.jpeg","width":939,"height":788},{"@type":"BreadcrumbList","@id":"https:\/\/hamntesbaskets.fr\/lamarchedelamort\/index.php\/parcours\/#breadcrumb","itemListElement":[{"@type":"ListItem","position":1,"name":"Accueil","item":"https:\/\/hamntesbaskets.fr\/lamarchedelamort\/"},{"@type":"ListItem","position":2,"name":"Parcours"}]},{"@type":"WebSite","@id":"https:\/\/hamntesbaskets.fr\/lamarchedelamort\/#website","url":"https:\/\/hamntesbaskets.fr\/lamarchedelamort\/","name":"La Marche de la Mort","description":"un d\u00e9fi mortel !","publisher":{"@id":"https:\/\/hamntesbaskets.fr\/lamarchedelamort\/#organization"},"potentialAction":[{"@type":"SearchAction","target":{"@type":"EntryPoint","urlTemplate":"https:\/\/hamntesbaskets.fr\/lamarchedelamort\/?s={search_term_string}"},"query-input":{"@type":"PropertyValueSpecification","valueRequired":true,"valueName":"search_term_string"}}],"inLanguage":"fr-FR"},{"@type":"Organization","@id":"https:\/\/hamntesbaskets.fr\/lamarchedelamort\/#organization","name":"La Marche de la Mort","url":"https:\/\/hamntesbaskets.fr\/lamarchedelamort\/","logo":{"@type":"ImageObject","inLanguage":"fr-FR","@id":"https:\/\/hamntesbaskets.fr\/lamarchedelamort\/#\/schema\/logo\/image\/","url":"https:\/\/hamntesbaskets.fr\/lamarchedelamort\/wp-content\/uploads\/2023\/12\/cropped-logo_bonhomme.png","contentUrl":"https:\/\/hamntesbaskets.fr\/lamarchedelamort\/wp-content\/uploads\/2023\/12\/cropped-logo_bonhomme.png","width":512,"height":512,"caption":"La Marche de la Mort"},"image":{"@id":"https:\/\/hamntesbaskets.fr\/lamarchedelamort\/#\/schema\/logo\/image\/"},"sameAs":["https:\/\/www.facebook.com\/hamntesbaskets\/","https:\/\/www.instagram.com\/hamntesbaskets"]}]}},"rttpg_featured_image_url":null,"rttpg_author":{"display_name":"hamntesbaskets","author_link":"https:\/\/hamntesbaskets.fr\/lamarchedelamort\/index.php\/author\/hamntesbaskets\/"},"rttpg_comment":0,"rttpg_category":null,"rttpg_excerpt":"Le Parcours de la Mort 2025 Un parcours de la Mort vous attend Mouah ah ah ! Pour la Marche de la Mort, il fallait bien s\u00fbr un parcours costaud, le plus difficile possible en partant d&rsquo;Ham en Artois.\u00a0 51,3km et 710m D+ en une seule boucle avec 80% de chemins! Suivant les conditions m\u00e9t\u00e9o,\u2026","_links":{"self":[{"href":"https:\/\/hamntesbaskets.fr\/lamarchedelamort\/index.php\/wp-json\/wp\/v2\/pages\/1336","targetHints":{"allow":["GET"]}}],"collection":[{"href":"https:\/\/hamntesbaskets.fr\/lamarchedelamort\/index.php\/wp-json\/wp\/v2\/pages"}],"about":[{"href":"https:\/\/hamntesbaskets.fr\/lamarchedelamort\/index.php\/wp-json\/wp\/v2\/types\/page"}],"author":[{"embeddable":true,"href":"https:\/\/hamntesbaskets.fr\/lamarchedelamort\/index.php\/wp-json\/wp\/v2\/users\/1"}],"replies":[{"embeddable":true,"href":"https:\/\/hamntesbaskets.fr\/lamarchedelamort\/index.php\/wp-json\/wp\/v2\/comments?post=1336"}],"version-history":[{"count":43,"href":"https:\/\/hamntesbaskets.fr\/lamarchedelamort\/index.php\/wp-json\/wp\/v2\/pages\/1336\/revisions"}],"predecessor-version":[{"id":1856,"href":"https:\/\/hamntesbaskets.fr\/lamarchedelamort\/index.php\/wp-json\/wp\/v2\/pages\/1336\/revisions\/1856"}],"wp:attachment":[{"href":"https:\/\/hamntesbaskets.fr\/lamarchedelamort\/index.php\/wp-json\/wp\/v2\/media?parent=1336"}],"curies":[{"name":"wp","href":"https:\/\/api.w.org\/{rel}","templated":true}]}}