{"id":1548,"date":"2024-12-05T22:26:46","date_gmt":"2024-12-05T21:26:46","guid":{"rendered":"https:\/\/hamntesbaskets.fr\/lamarchedelamort\/?page_id=1548"},"modified":"2025-11-19T17:12:32","modified_gmt":"2025-11-19T16:12:32","slug":"parcours-2026","status":"publish","type":"page","link":"https:\/\/hamntesbaskets.fr\/lamarchedelamort\/index.php\/parcours-2026\/","title":{"rendered":"Parcours 2026"},"content":{"rendered":"\t\t<div data-elementor-type=\"wp-post\" data-elementor-id=\"1548\" class=\"elementor elementor-1548\">\n\t\t\t\t\t\t<section class=\"elementor-section elementor-top-section elementor-element elementor-element-797db47 elementor-section-content-middle elementor-section-boxed elementor-section-height-default elementor-section-height-default\" data-id=\"797db47\" data-element_type=\"section\" data-e-type=\"section\" data-settings=\"{&quot;background_background&quot;:&quot;classic&quot;}\">\n\t\t\t\t\t\t\t<div class=\"elementor-background-overlay\"><\/div>\n\t\t\t\t\t\t\t<div class=\"elementor-container elementor-column-gap-no\">\n\t\t\t\t\t<div class=\"elementor-column elementor-col-100 elementor-top-column elementor-element elementor-element-b15b336\" data-id=\"b15b336\" data-element_type=\"column\" data-e-type=\"column\">\n\t\t\t<div class=\"elementor-widget-wrap elementor-element-populated\">\n\t\t\t\t\t\t<div class=\"elementor-element elementor-element-ea3c554 elementor-widget elementor-widget-heading\" data-id=\"ea3c554\" data-element_type=\"widget\" data-e-type=\"widget\" data-widget_type=\"heading.default\">\n\t\t\t\t<div class=\"elementor-widget-container\">\n\t\t\t\t\t<h1 class=\"elementor-heading-title elementor-size-default\">Le Parcours de la Mort 2026<\/h1>\t\t\t\t<\/div>\n\t\t\t\t<\/div>\n\t\t\t\t\t<\/div>\n\t\t<\/div>\n\t\t\t\t\t<\/div>\n\t\t<\/section>\n\t\t<div class=\"elementor-element elementor-element-8694ef5 e-flex e-con-boxed e-con e-parent\" data-id=\"8694ef5\" data-element_type=\"container\" data-e-type=\"container\">\n\t\t\t\t\t<div class=\"e-con-inner\">\n\t\t\t\t<div class=\"elementor-element elementor-element-9eaaffd elementor-alert-info elementor-widget elementor-widget-alert\" data-id=\"9eaaffd\" data-element_type=\"widget\" data-e-type=\"widget\" data-widget_type=\"alert.default\">\n\t\t\t\t<div class=\"elementor-widget-container\">\n\t\t\t\t\t\t\t<div class=\"elementor-alert\" role=\"alert\">\n\n\t\t\t\t\t\t<span class=\"elementor-alert-title\">INFORMATIONS A VENIR<\/span>\n\t\t\t\n\t\t\t\n\t\t\t\t\t\t<button type=\"button\" class=\"elementor-alert-dismiss\" aria-label=\"Ignorer cette alerte.\">\n\t\t\t\t\t\t\t\t\t<span aria-hidden=\"true\">&times;<\/span>\n\t\t\t\t\t\t\t<\/button>\n\t\t\t\n\t\t<\/div>\n\t\t\t\t\t\t<\/div>\n\t\t\t\t<\/div>\n\t\t\t\t\t<\/div>\n\t\t\t\t<\/div>\n\t\t\t\t<\/div>\n\t\t","protected":false},"excerpt":{"rendered":"<p>Le Parcours de la Mort 2026 INFORMATIONS A VENIR &times;<\/p>\n","protected":false},"author":1,"featured_media":746,"parent":0,"menu_order":0,"comment_status":"closed","ping_status":"closed","template":"","meta":{"_eb_attr":"","site-sidebar-layout":"no-sidebar","site-content-layout":"page-builder","ast-site-content-layout":"full-width-container","site-content-style":"unboxed","site-sidebar-style":"unboxed","ast-global-header-display":"","ast-banner-title-visibility":"","ast-main-header-display":"","ast-hfb-above-header-display":"","ast-hfb-below-header-display":"","ast-hfb-mobile-header-display":"","site-post-title":"disabled","ast-breadcrumbs-content":"","ast-featured-img":"disabled","footer-sml-layout":"","theme-transparent-header-meta":"enabled","adv-header-id-meta":"","stick-header-meta":"","header-above-stick-meta":"","header-main-stick-meta":"","header-below-stick-meta":"","astra-migrate-meta-layouts":"set","ast-page-background-enabled":"default","ast-page-background-meta":{"desktop":{"background-color":"","background-image":"","background-repeat":"repeat","background-position":"center center","background-size":"auto","background-attachment":"scroll","background-type":"","background-media":"","overlay-type":"","overlay-color":"","overlay-opacity":"","overlay-gradient":""},"tablet":{"background-color":"","background-image":"","background-repeat":"repeat","background-position":"center center","background-size":"auto","background-attachment":"scroll","background-type":"","background-media":"","overlay-type":"","overlay-color":"","overlay-opacity":"","overlay-gradient":""},"mobile":{"background-color":"","background-image":"","background-repeat":"repeat","background-position":"center center","background-size":"auto","background-attachment":"scroll","background-type":"","background-media":"","overlay-type":"","overlay-color":"","overlay-opacity":"","overlay-gradient":""}},"ast-content-background-meta":{"desktop":{"background-color":"var(--ast-global-color-5)","background-image":"","background-repeat":"repeat","background-position":"center center","background-size":"auto","background-attachment":"scroll","background-type":"","background-media":"","overlay-type":"","overlay-color":"","overlay-opacity":"","overlay-gradient":""},"tablet":{"background-color":"var(--ast-global-color-5)","background-image":"","background-repeat":"repeat","background-position":"center center","background-size":"auto","background-attachment":"scroll","background-type":"","background-media":"","overlay-type":"","overlay-color":"","overlay-opacity":"","overlay-gradient":""},"mobile":{"background-color":"var(--ast-global-color-5)","background-image":"","background-repeat":"repeat","background-position":"center center","background-size":"auto","background-attachment":"scroll","background-type":"","background-media":"","overlay-type":"","overlay-color":"","overlay-opacity":"","overlay-gradient":""}},"footnotes":""},"class_list":["post-1548","page","type-page","status-publish","has-post-thumbnail","hentry"],"yoast_head":"<!-- This site is optimized with the Yoast SEO plugin v27.4 - https:\/\/yoast.com\/product\/yoast-seo-wordpress\/ -->\n<title>Parcours 2026 | La Marche de la Mort<\/title>\n<meta name=\"description\" content=\"Inscrivez-vous pour la marche de la mort, un d\u00e9fi mortel de 50km qui a lieu en novembre \u00e0 Ham en Artois. Un \u00e9v\u00e9nement terrifiant!\" \/>\n<meta name=\"robots\" content=\"index, follow, max-snippet:-1, max-image-preview:large, max-video-preview:-1\" \/>\n<link rel=\"canonical\" href=\"https:\/\/hamntesbaskets.fr\/lamarchedelamort\/index.php\/parcours-2026\/\" \/>\n<meta property=\"og:locale\" content=\"fr_FR\" \/>\n<meta property=\"og:type\" content=\"article\" \/>\n<meta property=\"og:title\" content=\"Parcours 2026 | La Marche de la Mort\" \/>\n<meta property=\"og:description\" content=\"Inscrivez-vous pour la marche de la mort, un d\u00e9fi mortel de 50km qui a lieu en novembre \u00e0 Ham en Artois. Un \u00e9v\u00e9nement terrifiant!\" \/>\n<meta property=\"og:url\" content=\"https:\/\/hamntesbaskets.fr\/lamarchedelamort\/index.php\/parcours-2026\/\" \/>\n<meta property=\"og:site_name\" content=\"La Marche de la Mort\" \/>\n<meta property=\"article:publisher\" content=\"https:\/\/www.facebook.com\/hamntesbaskets\/\" \/>\n<meta property=\"article:modified_time\" content=\"2025-11-19T16:12:32+00:00\" \/>\n<meta property=\"og:image\" content=\"https:\/\/hamntesbaskets.fr\/lamarchedelamort\/wp-content\/uploads\/2023\/12\/pexels-mike-bird-116909-scaled.jpg\" \/>\n\t<meta property=\"og:image:width\" content=\"2560\" \/>\n\t<meta property=\"og:image:height\" content=\"1441\" \/>\n\t<meta property=\"og:image:type\" content=\"image\/jpeg\" \/>\n<meta name=\"twitter:card\" content=\"summary_large_image\" \/>\n<meta name=\"twitter:label1\" content=\"Dur\u00e9e de lecture estim\u00e9e\" \/>\n\t<meta name=\"twitter:data1\" content=\"1 minute\" \/>\n<script type=\"application\/ld+json\" class=\"yoast-schema-graph\">{\"@context\":\"https:\\\/\\\/schema.org\",\"@graph\":[{\"@type\":\"WebPage\",\"@id\":\"https:\\\/\\\/hamntesbaskets.fr\\\/lamarchedelamort\\\/index.php\\\/parcours-2026\\\/\",\"url\":\"https:\\\/\\\/hamntesbaskets.fr\\\/lamarchedelamort\\\/index.php\\\/parcours-2026\\\/\",\"name\":\"Parcours 2026 | La Marche de la Mort\",\"isPartOf\":{\"@id\":\"https:\\\/\\\/hamntesbaskets.fr\\\/lamarchedelamort\\\/#website\"},\"primaryImageOfPage\":{\"@id\":\"https:\\\/\\\/hamntesbaskets.fr\\\/lamarchedelamort\\\/index.php\\\/parcours-2026\\\/#primaryimage\"},\"image\":{\"@id\":\"https:\\\/\\\/hamntesbaskets.fr\\\/lamarchedelamort\\\/index.php\\\/parcours-2026\\\/#primaryimage\"},\"thumbnailUrl\":\"https:\\\/\\\/hamntesbaskets.fr\\\/lamarchedelamort\\\/wp-content\\\/uploads\\\/2023\\\/12\\\/pexels-mike-bird-116909-scaled.jpg\",\"datePublished\":\"2024-12-05T21:26:46+00:00\",\"dateModified\":\"2025-11-19T16:12:32+00:00\",\"description\":\"Inscrivez-vous pour la marche de la mort, un d\u00e9fi mortel de 50km qui a lieu en novembre \u00e0 Ham en Artois. Un \u00e9v\u00e9nement terrifiant!\",\"breadcrumb\":{\"@id\":\"https:\\\/\\\/hamntesbaskets.fr\\\/lamarchedelamort\\\/index.php\\\/parcours-2026\\\/#breadcrumb\"},\"inLanguage\":\"fr-FR\",\"potentialAction\":[{\"@type\":\"ReadAction\",\"target\":[\"https:\\\/\\\/hamntesbaskets.fr\\\/lamarchedelamort\\\/index.php\\\/parcours-2026\\\/\"]}]},{\"@type\":\"ImageObject\",\"inLanguage\":\"fr-FR\",\"@id\":\"https:\\\/\\\/hamntesbaskets.fr\\\/lamarchedelamort\\\/index.php\\\/parcours-2026\\\/#primaryimage\",\"url\":\"https:\\\/\\\/hamntesbaskets.fr\\\/lamarchedelamort\\\/wp-content\\\/uploads\\\/2023\\\/12\\\/pexels-mike-bird-116909-scaled.jpg\",\"contentUrl\":\"https:\\\/\\\/hamntesbaskets.fr\\\/lamarchedelamort\\\/wp-content\\\/uploads\\\/2023\\\/12\\\/pexels-mike-bird-116909-scaled.jpg\",\"width\":2560,\"height\":1441},{\"@type\":\"BreadcrumbList\",\"@id\":\"https:\\\/\\\/hamntesbaskets.fr\\\/lamarchedelamort\\\/index.php\\\/parcours-2026\\\/#breadcrumb\",\"itemListElement\":[{\"@type\":\"ListItem\",\"position\":1,\"name\":\"Accueil\",\"item\":\"https:\\\/\\\/hamntesbaskets.fr\\\/lamarchedelamort\\\/\"},{\"@type\":\"ListItem\",\"position\":2,\"name\":\"Parcours 2026\"}]},{\"@type\":\"WebSite\",\"@id\":\"https:\\\/\\\/hamntesbaskets.fr\\\/lamarchedelamort\\\/#website\",\"url\":\"https:\\\/\\\/hamntesbaskets.fr\\\/lamarchedelamort\\\/\",\"name\":\"La Marche de la Mort\",\"description\":\"un d\u00e9fi mortel !\",\"publisher\":{\"@id\":\"https:\\\/\\\/hamntesbaskets.fr\\\/lamarchedelamort\\\/#organization\"},\"potentialAction\":[{\"@type\":\"SearchAction\",\"target\":{\"@type\":\"EntryPoint\",\"urlTemplate\":\"https:\\\/\\\/hamntesbaskets.fr\\\/lamarchedelamort\\\/?s={search_term_string}\"},\"query-input\":{\"@type\":\"PropertyValueSpecification\",\"valueRequired\":true,\"valueName\":\"search_term_string\"}}],\"inLanguage\":\"fr-FR\"},{\"@type\":\"Organization\",\"@id\":\"https:\\\/\\\/hamntesbaskets.fr\\\/lamarchedelamort\\\/#organization\",\"name\":\"La Marche de la Mort\",\"url\":\"https:\\\/\\\/hamntesbaskets.fr\\\/lamarchedelamort\\\/\",\"logo\":{\"@type\":\"ImageObject\",\"inLanguage\":\"fr-FR\",\"@id\":\"https:\\\/\\\/hamntesbaskets.fr\\\/lamarchedelamort\\\/#\\\/schema\\\/logo\\\/image\\\/\",\"url\":\"https:\\\/\\\/hamntesbaskets.fr\\\/lamarchedelamort\\\/wp-content\\\/uploads\\\/2023\\\/12\\\/cropped-logo_bonhomme.png\",\"contentUrl\":\"https:\\\/\\\/hamntesbaskets.fr\\\/lamarchedelamort\\\/wp-content\\\/uploads\\\/2023\\\/12\\\/cropped-logo_bonhomme.png\",\"width\":512,\"height\":512,\"caption\":\"La Marche de la Mort\"},\"image\":{\"@id\":\"https:\\\/\\\/hamntesbaskets.fr\\\/lamarchedelamort\\\/#\\\/schema\\\/logo\\\/image\\\/\"},\"sameAs\":[\"https:\\\/\\\/www.facebook.com\\\/hamntesbaskets\\\/\",\"https:\\\/\\\/www.instagram.com\\\/hamntesbaskets\"]}]}<\/script>\n<!-- \/ Yoast SEO plugin. -->","yoast_head_json":{"title":"Parcours 2026 | La Marche de la Mort","description":"Inscrivez-vous pour la marche de la mort, un d\u00e9fi mortel de 50km qui a lieu en novembre \u00e0 Ham en Artois. Un \u00e9v\u00e9nement terrifiant!","robots":{"index":"index","follow":"follow","max-snippet":"max-snippet:-1","max-image-preview":"max-image-preview:large","max-video-preview":"max-video-preview:-1"},"canonical":"https:\/\/hamntesbaskets.fr\/lamarchedelamort\/index.php\/parcours-2026\/","og_locale":"fr_FR","og_type":"article","og_title":"Parcours 2026 | La Marche de la Mort","og_description":"Inscrivez-vous pour la marche de la mort, un d\u00e9fi mortel de 50km qui a lieu en novembre \u00e0 Ham en Artois. Un \u00e9v\u00e9nement terrifiant!","og_url":"https:\/\/hamntesbaskets.fr\/lamarchedelamort\/index.php\/parcours-2026\/","og_site_name":"La Marche de la Mort","article_publisher":"https:\/\/www.facebook.com\/hamntesbaskets\/","article_modified_time":"2025-11-19T16:12:32+00:00","og_image":[{"width":2560,"height":1441,"url":"https:\/\/hamntesbaskets.fr\/lamarchedelamort\/wp-content\/uploads\/2023\/12\/pexels-mike-bird-116909-scaled.jpg","type":"image\/jpeg"}],"twitter_card":"summary_large_image","twitter_misc":{"Dur\u00e9e de lecture estim\u00e9e":"1 minute"},"schema":{"@context":"https:\/\/schema.org","@graph":[{"@type":"WebPage","@id":"https:\/\/hamntesbaskets.fr\/lamarchedelamort\/index.php\/parcours-2026\/","url":"https:\/\/hamntesbaskets.fr\/lamarchedelamort\/index.php\/parcours-2026\/","name":"Parcours 2026 | La Marche de la Mort","isPartOf":{"@id":"https:\/\/hamntesbaskets.fr\/lamarchedelamort\/#website"},"primaryImageOfPage":{"@id":"https:\/\/hamntesbaskets.fr\/lamarchedelamort\/index.php\/parcours-2026\/#primaryimage"},"image":{"@id":"https:\/\/hamntesbaskets.fr\/lamarchedelamort\/index.php\/parcours-2026\/#primaryimage"},"thumbnailUrl":"https:\/\/hamntesbaskets.fr\/lamarchedelamort\/wp-content\/uploads\/2023\/12\/pexels-mike-bird-116909-scaled.jpg","datePublished":"2024-12-05T21:26:46+00:00","dateModified":"2025-11-19T16:12:32+00:00","description":"Inscrivez-vous pour la marche de la mort, un d\u00e9fi mortel de 50km qui a lieu en novembre \u00e0 Ham en Artois. Un \u00e9v\u00e9nement terrifiant!","breadcrumb":{"@id":"https:\/\/hamntesbaskets.fr\/lamarchedelamort\/index.php\/parcours-2026\/#breadcrumb"},"inLanguage":"fr-FR","potentialAction":[{"@type":"ReadAction","target":["https:\/\/hamntesbaskets.fr\/lamarchedelamort\/index.php\/parcours-2026\/"]}]},{"@type":"ImageObject","inLanguage":"fr-FR","@id":"https:\/\/hamntesbaskets.fr\/lamarchedelamort\/index.php\/parcours-2026\/#primaryimage","url":"https:\/\/hamntesbaskets.fr\/lamarchedelamort\/wp-content\/uploads\/2023\/12\/pexels-mike-bird-116909-scaled.jpg","contentUrl":"https:\/\/hamntesbaskets.fr\/lamarchedelamort\/wp-content\/uploads\/2023\/12\/pexels-mike-bird-116909-scaled.jpg","width":2560,"height":1441},{"@type":"BreadcrumbList","@id":"https:\/\/hamntesbaskets.fr\/lamarchedelamort\/index.php\/parcours-2026\/#breadcrumb","itemListElement":[{"@type":"ListItem","position":1,"name":"Accueil","item":"https:\/\/hamntesbaskets.fr\/lamarchedelamort\/"},{"@type":"ListItem","position":2,"name":"Parcours 2026"}]},{"@type":"WebSite","@id":"https:\/\/hamntesbaskets.fr\/lamarchedelamort\/#website","url":"https:\/\/hamntesbaskets.fr\/lamarchedelamort\/","name":"La Marche de la Mort","description":"un d\u00e9fi mortel !","publisher":{"@id":"https:\/\/hamntesbaskets.fr\/lamarchedelamort\/#organization"},"potentialAction":[{"@type":"SearchAction","target":{"@type":"EntryPoint","urlTemplate":"https:\/\/hamntesbaskets.fr\/lamarchedelamort\/?s={search_term_string}"},"query-input":{"@type":"PropertyValueSpecification","valueRequired":true,"valueName":"search_term_string"}}],"inLanguage":"fr-FR"},{"@type":"Organization","@id":"https:\/\/hamntesbaskets.fr\/lamarchedelamort\/#organization","name":"La Marche de la Mort","url":"https:\/\/hamntesbaskets.fr\/lamarchedelamort\/","logo":{"@type":"ImageObject","inLanguage":"fr-FR","@id":"https:\/\/hamntesbaskets.fr\/lamarchedelamort\/#\/schema\/logo\/image\/","url":"https:\/\/hamntesbaskets.fr\/lamarchedelamort\/wp-content\/uploads\/2023\/12\/cropped-logo_bonhomme.png","contentUrl":"https:\/\/hamntesbaskets.fr\/lamarchedelamort\/wp-content\/uploads\/2023\/12\/cropped-logo_bonhomme.png","width":512,"height":512,"caption":"La Marche de la Mort"},"image":{"@id":"https:\/\/hamntesbaskets.fr\/lamarchedelamort\/#\/schema\/logo\/image\/"},"sameAs":["https:\/\/www.facebook.com\/hamntesbaskets\/","https:\/\/www.instagram.com\/hamntesbaskets"]}]}},"rttpg_featured_image_url":{"full":["https:\/\/hamntesbaskets.fr\/lamarchedelamort\/wp-content\/uploads\/2023\/12\/pexels-mike-bird-116909-scaled.jpg",2560,1441,false],"landscape":["https:\/\/hamntesbaskets.fr\/lamarchedelamort\/wp-content\/uploads\/2023\/12\/pexels-mike-bird-116909-scaled.jpg",2560,1441,false],"portraits":["https:\/\/hamntesbaskets.fr\/lamarchedelamort\/wp-content\/uploads\/2023\/12\/pexels-mike-bird-116909-scaled.jpg",2560,1441,false],"thumbnail":["https:\/\/hamntesbaskets.fr\/lamarchedelamort\/wp-content\/uploads\/2023\/12\/pexels-mike-bird-116909-150x150.jpg",150,150,true],"medium":["https:\/\/hamntesbaskets.fr\/lamarchedelamort\/wp-content\/uploads\/2023\/12\/pexels-mike-bird-116909-300x169.jpg",300,169,true],"large":["https:\/\/hamntesbaskets.fr\/lamarchedelamort\/wp-content\/uploads\/2023\/12\/pexels-mike-bird-116909-1024x577.jpg",1024,577,true],"1536x1536":["https:\/\/hamntesbaskets.fr\/lamarchedelamort\/wp-content\/uploads\/2023\/12\/pexels-mike-bird-116909-1536x865.jpg",1536,865,true],"2048x2048":["https:\/\/hamntesbaskets.fr\/lamarchedelamort\/wp-content\/uploads\/2023\/12\/pexels-mike-bird-116909-2048x1153.jpg",2048,1153,true]},"rttpg_author":{"display_name":"hamntesbaskets","author_link":"https:\/\/hamntesbaskets.fr\/lamarchedelamort\/index.php\/author\/hamntesbaskets\/"},"rttpg_comment":0,"rttpg_category":null,"rttpg_excerpt":"Le Parcours de la Mort 2026 INFORMATIONS A VENIR &times;","_links":{"self":[{"href":"https:\/\/hamntesbaskets.fr\/lamarchedelamort\/index.php\/wp-json\/wp\/v2\/pages\/1548","targetHints":{"allow":["GET"]}}],"collection":[{"href":"https:\/\/hamntesbaskets.fr\/lamarchedelamort\/index.php\/wp-json\/wp\/v2\/pages"}],"about":[{"href":"https:\/\/hamntesbaskets.fr\/lamarchedelamort\/index.php\/wp-json\/wp\/v2\/types\/page"}],"author":[{"embeddable":true,"href":"https:\/\/hamntesbaskets.fr\/lamarchedelamort\/index.php\/wp-json\/wp\/v2\/users\/1"}],"replies":[{"embeddable":true,"href":"https:\/\/hamntesbaskets.fr\/lamarchedelamort\/index.php\/wp-json\/wp\/v2\/comments?post=1548"}],"version-history":[{"count":13,"href":"https:\/\/hamntesbaskets.fr\/lamarchedelamort\/index.php\/wp-json\/wp\/v2\/pages\/1548\/revisions"}],"predecessor-version":[{"id":1931,"href":"https:\/\/hamntesbaskets.fr\/lamarchedelamort\/index.php\/wp-json\/wp\/v2\/pages\/1548\/revisions\/1931"}],"wp:featuredmedia":[{"embeddable":true,"href":"https:\/\/hamntesbaskets.fr\/lamarchedelamort\/index.php\/wp-json\/wp\/v2\/media\/746"}],"wp:attachment":[{"href":"https:\/\/hamntesbaskets.fr\/lamarchedelamort\/index.php\/wp-json\/wp\/v2\/media?parent=1548"}],"curies":[{"name":"wp","href":"https:\/\/api.w.org\/{rel}","templated":true}]}}