{"id":745,"date":"2023-12-30T21:28:14","date_gmt":"2023-12-30T20:28:14","guid":{"rendered":"https:\/\/hamntesbaskets.fr\/lamarchedelamort\/?page_id=745"},"modified":"2026-04-19T22:08:15","modified_gmt":"2026-04-19T20:08:15","slug":"inscription","status":"publish","type":"page","link":"https:\/\/hamntesbaskets.fr\/lamarchedelamort\/index.php\/inscription\/","title":{"rendered":"Inscription"},"content":{"rendered":"\t\t<div data-elementor-type=\"wp-post\" data-elementor-id=\"745\" class=\"elementor elementor-745\">\n\t\t\t\t\t\t<section class=\"elementor-section elementor-top-section elementor-element elementor-element-797db47 elementor-section-content-middle elementor-section-boxed elementor-section-height-default elementor-section-height-default\" data-id=\"797db47\" data-element_type=\"section\" data-e-type=\"section\" data-settings=\"{&quot;background_background&quot;:&quot;classic&quot;}\">\n\t\t\t\t\t\t\t<div class=\"elementor-background-overlay\"><\/div>\n\t\t\t\t\t\t\t<div class=\"elementor-container elementor-column-gap-no\">\n\t\t\t\t\t<div class=\"elementor-column elementor-col-100 elementor-top-column elementor-element elementor-element-b15b336\" data-id=\"b15b336\" data-element_type=\"column\" data-e-type=\"column\">\n\t\t\t<div class=\"elementor-widget-wrap elementor-element-populated\">\n\t\t\t\t\t\t<div class=\"elementor-element elementor-element-ea3c554 elementor-widget elementor-widget-heading\" data-id=\"ea3c554\" data-element_type=\"widget\" data-e-type=\"widget\" data-widget_type=\"heading.default\">\n\t\t\t\t<div class=\"elementor-widget-container\">\n\t\t\t\t\t<h1 class=\"elementor-heading-title elementor-size-default\">INSCRIPTION 2026<\/h1>\t\t\t\t<\/div>\n\t\t\t\t<\/div>\n\t\t\t\t\t<\/div>\n\t\t<\/div>\n\t\t\t\t\t<\/div>\n\t\t<\/section>\n\t\t<div class=\"elementor-element elementor-element-8694ef5 e-flex e-con-boxed e-con e-parent\" data-id=\"8694ef5\" data-element_type=\"container\" data-e-type=\"container\">\n\t\t\t\t\t<div class=\"e-con-inner\">\n\t\t\t\t<div class=\"elementor-element elementor-element-5ca6410 elementor-widget elementor-widget-button\" data-id=\"5ca6410\" data-element_type=\"widget\" data-e-type=\"widget\" data-widget_type=\"button.default\">\n\t\t\t\t<div class=\"elementor-widget-container\">\n\t\t\t\t\t\t\t\t\t<div class=\"elementor-button-wrapper\">\n\t\t\t\t\t<a class=\"elementor-button elementor-button-link elementor-size-sm\" href=\"https:\/\/hamntesbaskets.fr\/lamarchedelamort\/wp-content\/uploads\/2026\/04\/InscritsLaMarcheDeLaMort2026-PourSiteWeb.pdf\">\n\t\t\t\t\t\t<span class=\"elementor-button-content-wrapper\">\n\t\t\t\t\t\t\t\t\t<span class=\"elementor-button-text\">LISTE DES INSCRITS cliquez ici<\/span>\n\t\t\t\t\t<\/span>\n\t\t\t\t\t<\/a>\n\t\t\t\t<\/div>\n\t\t\t\t\t\t\t\t<\/div>\n\t\t\t\t<\/div>\n\t\t\t\t<div class=\"elementor-element elementor-element-9eaaffd elementor-alert-info elementor-widget elementor-widget-alert\" data-id=\"9eaaffd\" data-element_type=\"widget\" data-e-type=\"widget\" data-widget_type=\"alert.default\">\n\t\t\t\t<div class=\"elementor-widget-container\">\n\t\t\t\t\t\t\t<div class=\"elementor-alert\" role=\"alert\">\n\n\t\t\t\t\t\t<span class=\"elementor-alert-title\">LA 3\u00e8me EDITION est SOLD OUT - COMPLET - 1700 combattants seront au d\u00e9part<\/span>\n\t\t\t\n\t\t\t\t\t\t<span class=\"elementor-alert-description\">Merci \u00e0 tous pour cet engouement incroyable pour La Marche de la Mort. D\u00e9sol\u00e9 pour celles et ceux qui n'ont pas obtenu de dossard pour l'\u00e9dition 2026. Retrouvez la liste des inscrits en haut de cette page.<\/span>\n\t\t\t\n\t\t\t\t\t\t<button type=\"button\" class=\"elementor-alert-dismiss\" aria-label=\"Ignorer cette alerte.\">\n\t\t\t\t\t\t\t\t\t<span aria-hidden=\"true\">&times;<\/span>\n\t\t\t\t\t\t\t<\/button>\n\t\t\t\n\t\t<\/div>\n\t\t\t\t\t\t<\/div>\n\t\t\t\t<\/div>\n\t\t\t\t<div class=\"elementor-element elementor-element-29297bc elementor-widget elementor-widget-image\" data-id=\"29297bc\" data-element_type=\"widget\" data-e-type=\"widget\" data-widget_type=\"image.default\">\n\t\t\t\t<div class=\"elementor-widget-container\">\n\t\t\t\t\t\t\t\t\t\t\t\t\t\t\t\t<a href=\"https:\/\/www.helloasso.com\/associations\/ham-n-tes-baskets\/evenements\/la-marche-de-la-mort-2026?_gl=1%2a1uurhct%2a_gcl_au%2aMTYxNDUwODQwNS4xNzYyMzc2NDQzLjE2ODYwMDkzMzQuMTc2MzU2NTY0NS4xNzYzNTY1NjQ1\">\n\t\t\t\t\t\t\t<img fetchpriority=\"high\" decoding=\"async\" width=\"940\" height=\"788\" src=\"https:\/\/hamntesbaskets.fr\/lamarchedelamort\/wp-content\/uploads\/2025\/12\/Copie-de-Copie-de-Copie-de-Copie-de-www.reallygreatsite.com-2.png\" class=\"attachment-large size-large wp-image-1991\" alt=\"\" srcset=\"https:\/\/hamntesbaskets.fr\/lamarchedelamort\/wp-content\/uploads\/2025\/12\/Copie-de-Copie-de-Copie-de-Copie-de-www.reallygreatsite.com-2.png 940w, https:\/\/hamntesbaskets.fr\/lamarchedelamort\/wp-content\/uploads\/2025\/12\/Copie-de-Copie-de-Copie-de-Copie-de-www.reallygreatsite.com-2-300x251.png 300w, https:\/\/hamntesbaskets.fr\/lamarchedelamort\/wp-content\/uploads\/2025\/12\/Copie-de-Copie-de-Copie-de-Copie-de-www.reallygreatsite.com-2-768x644.png 768w\" sizes=\"(max-width: 940px) 100vw, 940px\" \/>\t\t\t\t\t\t\t\t<\/a>\n\t\t\t\t\t\t\t\t\t\t\t\t\t\t\t<\/div>\n\t\t\t\t<\/div>\n\t\t\t\t<div class=\"elementor-element elementor-element-c658c07 elementor-widget elementor-widget-text-editor\" data-id=\"c658c07\" data-element_type=\"widget\" data-e-type=\"widget\" data-widget_type=\"text-editor.default\">\n\t\t\t\t<div class=\"elementor-widget-container\">\n\t\t\t\t\t\t\t\t\t<p data-start=\"263\" data-end=\"510\">Marcheurs intr\u00e9pides, randonneurs du dimanche, sportifs motiv\u00e9s\u2026 ou simplement amoureux des d\u00e9fis compl\u00e8tement fous : pr\u00e9parez vos chaussures (et vos ampoules), car <strong data-start=\"428\" data-end=\"452\">La Marche de la Mort<\/strong> revient pour une \u00e9dition qui ne manquera pas de souffle !<\/p><p data-start=\"512\" data-end=\"866\">Ne vous laissez pas intimider par le nom : ici, personne ne finit dans un cercueil, promis. L\u2019id\u00e9e, c\u2019est de marcher <strong data-start=\"629\" data-end=\"673\">50 km en hommage \u00e0 une personne disparue<\/strong>, qu\u2019elle nous manque un peu, beaucoup, ou passionn\u00e9ment. Une mani\u00e8re de rappeler que, m\u00eame si eux ne sont plus l\u00e0, <strong data-start=\"789\" data-end=\"863\">on peut encore faire quelque chose de grand et de beau en leur honneur<\/strong>.<\/p><p data-start=\"868\" data-end=\"1023\">Et quoi de mieux qu\u2019une longue balade o\u00f9 l\u2019on rit, o\u00f9 l\u2019on souffre un peu (oui, on ne va pas mentir), et o\u00f9 l\u2019on partage des histoires ?<br data-start=\"1004\" data-end=\"1007\" \/>Au programme :<\/p><ul data-start=\"1024\" data-end=\"1427\"><li data-start=\"1024\" data-end=\"1115\"><p data-start=\"1026\" data-end=\"1115\">Des paysages de l&rsquo;Artois qui vous feront dire \u00ab\u00a0Mais pourquoi je ne sors pas plus souvent ?\u00a0\u00bb<\/p><\/li><li data-start=\"1116\" data-end=\"1273\"><p data-start=\"1118\" data-end=\"1273\">Une ambiance chaleureuse et improbable (parce que marcher ensemble 50 km cr\u00e9e des liens tr\u00e8s rapides, comme l&rsquo;envie d&rsquo;abandonner\u2026 mais on se soutient !).<\/p><\/li><li data-start=\"1274\" data-end=\"1427\"><p data-start=\"1276\" data-end=\"1427\">Des moments d\u2019\u00e9motion, de rire, de solidarit\u00e9, et peut-\u00eatre m\u00eame quelques r\u00e9v\u00e9lations int\u00e9rieures apr\u00e8s 10h de marche quand vous parlerez \u00e0 vos chaussures.<\/p><\/li><\/ul><p data-start=\"1429\" data-end=\"1659\">Si vous cherchez une aventure qui m\u00e9lange <strong data-start=\"1471\" data-end=\"1530\">sport, hommage, d\u00e9passement de soi et humour noir l\u00e9ger<\/strong>, c\u2019est ici que \u00e7a se passe. Rejoignez l&rsquo;aventure et faites partie des 1500 combattants qui vont tout donner en hommage \u00e0 un \u00eatre cher!\u00a0<\/p><p data-start=\"1661\" data-end=\"1822\">Le 31 octobre, \u00e0 Ham-en-Artois, on marche ensemble.<br data-start=\"1712\" data-end=\"1715\" \/>Pour eux.<br data-start=\"1724\" data-end=\"1727\" \/>Pour nous.<br data-start=\"1737\" data-end=\"1740\" \/>Et un peu pour le plaisir de dire : \u00ab Oui, j\u2019ai surv\u00e9cu \u00e0 la Marche de la Mort ! \u00bb.<\/p><p><b>Tarif : 23euros<\/b> dont 1 euro qui sera remis \u00e0 une association caritative.<\/p><p>Le tarif comprend :<span class=\"Apple-converted-space\">\u00a0<\/span><\/p><p>-1 dossard personnalis\u00e9 avec pr\u00e9nom du participant et emplacement vierge pour indiquer la personne \u00e0 qui vous rendez hommage.<\/p><p>-1 lot offert \u00e0 tous<\/p><p>-1 m\u00e9daille et 1 dipl\u00f4me remis \u00e0 chaque Finisher<\/p><p>-Frite + boisson (bi\u00e8re pression ou soda) offerts \u00e0 l\u2019arriv\u00e9e<\/p><p>-Acc\u00e8s aux 3 ravitaillements sur le parcours<\/p><p>Suite au sondage r\u00e9alis\u00e9 sur la page Facebook, vous \u00eatiez 74% \u00e0 vouloir une m\u00e9daille Finisher \u00e0 l&rsquo;arriv\u00e9e, c&rsquo;est pour cette raison que le tarif passe \u00e0 23euros au lieu de 20euros l&rsquo;an dernier. Par contre le lot Finisher (tour de cou \/ bonnet en 2025) qui \u00e9tait offert uniquement aux arrivants sera offert \u00e0 tous.<\/p><p><strong>ATTENTION :<\/strong> La revente de dossard est interdite. Pour le vendeur, sachez que vous serez tenu responsable si l&rsquo;acheteur a un probl\u00e8me le jour J. Pour l&rsquo;acheteur, sachez que vous devrez pr\u00e9senter la carte d&rsquo;identit\u00e9 originale ou permis de conduire du vendeur pour retirer votre dossard.\u00a0<\/p><p>\u00a0<\/p>\t\t\t\t\t\t\t\t<\/div>\n\t\t\t\t<\/div>\n\t\t\t\t<div class=\"elementor-element elementor-element-b430a59 elementor-widget elementor-widget-heading\" data-id=\"b430a59\" data-element_type=\"widget\" data-e-type=\"widget\" data-widget_type=\"heading.default\">\n\t\t\t\t<div class=\"elementor-widget-container\">\n\t\t\t\t\t<h4 class=\"elementor-heading-title elementor-size-default\">Pour toute question : hamntesbaskets@gmail.com<\/h4>\t\t\t\t<\/div>\n\t\t\t\t<\/div>\n\t\t\t\t\t<\/div>\n\t\t\t\t<\/div>\n\t\t\t\t<\/div>\n\t\t","protected":false},"excerpt":{"rendered":"<p>INSCRIPTION 2026 LISTE DES INSCRITS cliquez ici LA 3\u00e8me EDITION est SOLD OUT &#8211; COMPLET &#8211; 1700 combattants seront au d\u00e9part Merci \u00e0 tous pour cet engouement incroyable pour La Marche de la Mort. D\u00e9sol\u00e9 pour celles et ceux qui n&rsquo;ont pas obtenu de dossard pour l&rsquo;\u00e9dition 2026. Retrouvez la liste des inscrits en haut [&hellip;]<\/p>\n","protected":false},"author":1,"featured_media":0,"parent":0,"menu_order":0,"comment_status":"closed","ping_status":"closed","template":"","meta":{"_eb_attr":"","site-sidebar-layout":"no-sidebar","site-content-layout":"page-builder","ast-site-content-layout":"full-width-container","site-content-style":"unboxed","site-sidebar-style":"unboxed","ast-global-header-display":"","ast-banner-title-visibility":"","ast-main-header-display":"","ast-hfb-above-header-display":"","ast-hfb-below-header-display":"","ast-hfb-mobile-header-display":"","site-post-title":"disabled","ast-breadcrumbs-content":"","ast-featured-img":"disabled","footer-sml-layout":"","theme-transparent-header-meta":"enabled","adv-header-id-meta":"","stick-header-meta":"","header-above-stick-meta":"","header-main-stick-meta":"","header-below-stick-meta":"","astra-migrate-meta-layouts":"set","ast-page-background-enabled":"default","ast-page-background-meta":{"desktop":{"background-color":"","background-image":"","background-repeat":"repeat","background-position":"center center","background-size":"auto","background-attachment":"scroll","background-type":"","background-media":"","overlay-type":"","overlay-color":"","overlay-opacity":"","overlay-gradient":""},"tablet":{"background-color":"","background-image":"","background-repeat":"repeat","background-position":"center center","background-size":"auto","background-attachment":"scroll","background-type":"","background-media":"","overlay-type":"","overlay-color":"","overlay-opacity":"","overlay-gradient":""},"mobile":{"background-color":"","background-image":"","background-repeat":"repeat","background-position":"center center","background-size":"auto","background-attachment":"scroll","background-type":"","background-media":"","overlay-type":"","overlay-color":"","overlay-opacity":"","overlay-gradient":""}},"ast-content-background-meta":{"desktop":{"background-color":"var(--ast-global-color-5)","background-image":"","background-repeat":"repeat","background-position":"center center","background-size":"auto","background-attachment":"scroll","background-type":"","background-media":"","overlay-type":"","overlay-color":"","overlay-opacity":"","overlay-gradient":""},"tablet":{"background-color":"var(--ast-global-color-5)","background-image":"","background-repeat":"repeat","background-position":"center center","background-size":"auto","background-attachment":"scroll","background-type":"","background-media":"","overlay-type":"","overlay-color":"","overlay-opacity":"","overlay-gradient":""},"mobile":{"background-color":"var(--ast-global-color-5)","background-image":"","background-repeat":"repeat","background-position":"center center","background-size":"auto","background-attachment":"scroll","background-type":"","background-media":"","overlay-type":"","overlay-color":"","overlay-opacity":"","overlay-gradient":""}},"footnotes":""},"class_list":["post-745","page","type-page","status-publish","hentry"],"yoast_head":"<!-- This site is optimized with the Yoast SEO plugin v27.5 - https:\/\/yoast.com\/product\/yoast-seo-wordpress\/ -->\n<title>Inscription | La Marche de la Mort<\/title>\n<meta name=\"description\" content=\"Inscrivez-vous pour la marche de la mort, un d\u00e9fi mortel de 50km qui a lieu en novembre \u00e0 Ham en Artois. Un \u00e9v\u00e9nement terrifiant!\" \/>\n<meta name=\"robots\" content=\"index, follow, max-snippet:-1, max-image-preview:large, max-video-preview:-1\" \/>\n<link rel=\"canonical\" href=\"https:\/\/hamntesbaskets.fr\/lamarchedelamort\/index.php\/inscription\/\" \/>\n<meta property=\"og:locale\" content=\"fr_FR\" \/>\n<meta property=\"og:type\" content=\"article\" \/>\n<meta property=\"og:title\" content=\"Inscription | La Marche de la Mort\" \/>\n<meta property=\"og:description\" content=\"Inscrivez-vous pour la marche de la mort, un d\u00e9fi mortel de 50km qui a lieu en novembre \u00e0 Ham en Artois. Un \u00e9v\u00e9nement terrifiant!\" \/>\n<meta property=\"og:url\" content=\"https:\/\/hamntesbaskets.fr\/lamarchedelamort\/index.php\/inscription\/\" \/>\n<meta property=\"og:site_name\" content=\"La Marche de la Mort\" \/>\n<meta property=\"article:publisher\" content=\"https:\/\/www.facebook.com\/hamntesbaskets\/\" \/>\n<meta property=\"article:modified_time\" content=\"2026-04-19T20:08:15+00:00\" \/>\n<meta property=\"og:image\" content=\"https:\/\/hamntesbaskets.fr\/lamarchedelamort\/wp-content\/uploads\/2025\/12\/Copie-de-Copie-de-Copie-de-Copie-de-www.reallygreatsite.com-2.png\" \/>\n\t<meta property=\"og:image:width\" content=\"940\" \/>\n\t<meta property=\"og:image:height\" content=\"788\" \/>\n\t<meta property=\"og:image:type\" content=\"image\/png\" \/>\n<meta name=\"twitter:card\" content=\"summary_large_image\" \/>\n<meta name=\"twitter:label1\" content=\"Dur\u00e9e de lecture estim\u00e9e\" \/>\n\t<meta name=\"twitter:data1\" content=\"3 minutes\" \/>\n<script type=\"application\/ld+json\" class=\"yoast-schema-graph\">{\"@context\":\"https:\\\/\\\/schema.org\",\"@graph\":[{\"@type\":\"WebPage\",\"@id\":\"https:\\\/\\\/hamntesbaskets.fr\\\/lamarchedelamort\\\/index.php\\\/inscription\\\/\",\"url\":\"https:\\\/\\\/hamntesbaskets.fr\\\/lamarchedelamort\\\/index.php\\\/inscription\\\/\",\"name\":\"Inscription | La Marche de la Mort\",\"isPartOf\":{\"@id\":\"https:\\\/\\\/hamntesbaskets.fr\\\/lamarchedelamort\\\/#website\"},\"primaryImageOfPage\":{\"@id\":\"https:\\\/\\\/hamntesbaskets.fr\\\/lamarchedelamort\\\/index.php\\\/inscription\\\/#primaryimage\"},\"image\":{\"@id\":\"https:\\\/\\\/hamntesbaskets.fr\\\/lamarchedelamort\\\/index.php\\\/inscription\\\/#primaryimage\"},\"thumbnailUrl\":\"https:\\\/\\\/hamntesbaskets.fr\\\/lamarchedelamort\\\/wp-content\\\/uploads\\\/2025\\\/12\\\/Copie-de-Copie-de-Copie-de-Copie-de-www.reallygreatsite.com-2.png\",\"datePublished\":\"2023-12-30T20:28:14+00:00\",\"dateModified\":\"2026-04-19T20:08:15+00:00\",\"description\":\"Inscrivez-vous pour la marche de la mort, un d\u00e9fi mortel de 50km qui a lieu en novembre \u00e0 Ham en Artois. Un \u00e9v\u00e9nement terrifiant!\",\"breadcrumb\":{\"@id\":\"https:\\\/\\\/hamntesbaskets.fr\\\/lamarchedelamort\\\/index.php\\\/inscription\\\/#breadcrumb\"},\"inLanguage\":\"fr-FR\",\"potentialAction\":[{\"@type\":\"ReadAction\",\"target\":[\"https:\\\/\\\/hamntesbaskets.fr\\\/lamarchedelamort\\\/index.php\\\/inscription\\\/\"]}]},{\"@type\":\"ImageObject\",\"inLanguage\":\"fr-FR\",\"@id\":\"https:\\\/\\\/hamntesbaskets.fr\\\/lamarchedelamort\\\/index.php\\\/inscription\\\/#primaryimage\",\"url\":\"https:\\\/\\\/hamntesbaskets.fr\\\/lamarchedelamort\\\/wp-content\\\/uploads\\\/2025\\\/12\\\/Copie-de-Copie-de-Copie-de-Copie-de-www.reallygreatsite.com-2.png\",\"contentUrl\":\"https:\\\/\\\/hamntesbaskets.fr\\\/lamarchedelamort\\\/wp-content\\\/uploads\\\/2025\\\/12\\\/Copie-de-Copie-de-Copie-de-Copie-de-www.reallygreatsite.com-2.png\",\"width\":940,\"height\":788},{\"@type\":\"BreadcrumbList\",\"@id\":\"https:\\\/\\\/hamntesbaskets.fr\\\/lamarchedelamort\\\/index.php\\\/inscription\\\/#breadcrumb\",\"itemListElement\":[{\"@type\":\"ListItem\",\"position\":1,\"name\":\"Accueil\",\"item\":\"https:\\\/\\\/hamntesbaskets.fr\\\/lamarchedelamort\\\/\"},{\"@type\":\"ListItem\",\"position\":2,\"name\":\"Inscription\"}]},{\"@type\":\"WebSite\",\"@id\":\"https:\\\/\\\/hamntesbaskets.fr\\\/lamarchedelamort\\\/#website\",\"url\":\"https:\\\/\\\/hamntesbaskets.fr\\\/lamarchedelamort\\\/\",\"name\":\"La Marche de la Mort\",\"description\":\"un d\u00e9fi mortel !\",\"publisher\":{\"@id\":\"https:\\\/\\\/hamntesbaskets.fr\\\/lamarchedelamort\\\/#organization\"},\"potentialAction\":[{\"@type\":\"SearchAction\",\"target\":{\"@type\":\"EntryPoint\",\"urlTemplate\":\"https:\\\/\\\/hamntesbaskets.fr\\\/lamarchedelamort\\\/?s={search_term_string}\"},\"query-input\":{\"@type\":\"PropertyValueSpecification\",\"valueRequired\":true,\"valueName\":\"search_term_string\"}}],\"inLanguage\":\"fr-FR\"},{\"@type\":\"Organization\",\"@id\":\"https:\\\/\\\/hamntesbaskets.fr\\\/lamarchedelamort\\\/#organization\",\"name\":\"La Marche de la Mort\",\"url\":\"https:\\\/\\\/hamntesbaskets.fr\\\/lamarchedelamort\\\/\",\"logo\":{\"@type\":\"ImageObject\",\"inLanguage\":\"fr-FR\",\"@id\":\"https:\\\/\\\/hamntesbaskets.fr\\\/lamarchedelamort\\\/#\\\/schema\\\/logo\\\/image\\\/\",\"url\":\"https:\\\/\\\/hamntesbaskets.fr\\\/lamarchedelamort\\\/wp-content\\\/uploads\\\/2023\\\/12\\\/cropped-logo_bonhomme.png\",\"contentUrl\":\"https:\\\/\\\/hamntesbaskets.fr\\\/lamarchedelamort\\\/wp-content\\\/uploads\\\/2023\\\/12\\\/cropped-logo_bonhomme.png\",\"width\":512,\"height\":512,\"caption\":\"La Marche de la Mort\"},\"image\":{\"@id\":\"https:\\\/\\\/hamntesbaskets.fr\\\/lamarchedelamort\\\/#\\\/schema\\\/logo\\\/image\\\/\"},\"sameAs\":[\"https:\\\/\\\/www.facebook.com\\\/hamntesbaskets\\\/\",\"https:\\\/\\\/www.instagram.com\\\/hamntesbaskets\"]}]}<\/script>\n<!-- \/ Yoast SEO plugin. -->","yoast_head_json":{"title":"Inscription | La Marche de la Mort","description":"Inscrivez-vous pour la marche de la mort, un d\u00e9fi mortel de 50km qui a lieu en novembre \u00e0 Ham en Artois. Un \u00e9v\u00e9nement terrifiant!","robots":{"index":"index","follow":"follow","max-snippet":"max-snippet:-1","max-image-preview":"max-image-preview:large","max-video-preview":"max-video-preview:-1"},"canonical":"https:\/\/hamntesbaskets.fr\/lamarchedelamort\/index.php\/inscription\/","og_locale":"fr_FR","og_type":"article","og_title":"Inscription | La Marche de la Mort","og_description":"Inscrivez-vous pour la marche de la mort, un d\u00e9fi mortel de 50km qui a lieu en novembre \u00e0 Ham en Artois. Un \u00e9v\u00e9nement terrifiant!","og_url":"https:\/\/hamntesbaskets.fr\/lamarchedelamort\/index.php\/inscription\/","og_site_name":"La Marche de la Mort","article_publisher":"https:\/\/www.facebook.com\/hamntesbaskets\/","article_modified_time":"2026-04-19T20:08:15+00:00","og_image":[{"width":940,"height":788,"url":"https:\/\/hamntesbaskets.fr\/lamarchedelamort\/wp-content\/uploads\/2025\/12\/Copie-de-Copie-de-Copie-de-Copie-de-www.reallygreatsite.com-2.png","type":"image\/png"}],"twitter_card":"summary_large_image","twitter_misc":{"Dur\u00e9e de lecture estim\u00e9e":"3 minutes"},"schema":{"@context":"https:\/\/schema.org","@graph":[{"@type":"WebPage","@id":"https:\/\/hamntesbaskets.fr\/lamarchedelamort\/index.php\/inscription\/","url":"https:\/\/hamntesbaskets.fr\/lamarchedelamort\/index.php\/inscription\/","name":"Inscription | La Marche de la Mort","isPartOf":{"@id":"https:\/\/hamntesbaskets.fr\/lamarchedelamort\/#website"},"primaryImageOfPage":{"@id":"https:\/\/hamntesbaskets.fr\/lamarchedelamort\/index.php\/inscription\/#primaryimage"},"image":{"@id":"https:\/\/hamntesbaskets.fr\/lamarchedelamort\/index.php\/inscription\/#primaryimage"},"thumbnailUrl":"https:\/\/hamntesbaskets.fr\/lamarchedelamort\/wp-content\/uploads\/2025\/12\/Copie-de-Copie-de-Copie-de-Copie-de-www.reallygreatsite.com-2.png","datePublished":"2023-12-30T20:28:14+00:00","dateModified":"2026-04-19T20:08:15+00:00","description":"Inscrivez-vous pour la marche de la mort, un d\u00e9fi mortel de 50km qui a lieu en novembre \u00e0 Ham en Artois. Un \u00e9v\u00e9nement terrifiant!","breadcrumb":{"@id":"https:\/\/hamntesbaskets.fr\/lamarchedelamort\/index.php\/inscription\/#breadcrumb"},"inLanguage":"fr-FR","potentialAction":[{"@type":"ReadAction","target":["https:\/\/hamntesbaskets.fr\/lamarchedelamort\/index.php\/inscription\/"]}]},{"@type":"ImageObject","inLanguage":"fr-FR","@id":"https:\/\/hamntesbaskets.fr\/lamarchedelamort\/index.php\/inscription\/#primaryimage","url":"https:\/\/hamntesbaskets.fr\/lamarchedelamort\/wp-content\/uploads\/2025\/12\/Copie-de-Copie-de-Copie-de-Copie-de-www.reallygreatsite.com-2.png","contentUrl":"https:\/\/hamntesbaskets.fr\/lamarchedelamort\/wp-content\/uploads\/2025\/12\/Copie-de-Copie-de-Copie-de-Copie-de-www.reallygreatsite.com-2.png","width":940,"height":788},{"@type":"BreadcrumbList","@id":"https:\/\/hamntesbaskets.fr\/lamarchedelamort\/index.php\/inscription\/#breadcrumb","itemListElement":[{"@type":"ListItem","position":1,"name":"Accueil","item":"https:\/\/hamntesbaskets.fr\/lamarchedelamort\/"},{"@type":"ListItem","position":2,"name":"Inscription"}]},{"@type":"WebSite","@id":"https:\/\/hamntesbaskets.fr\/lamarchedelamort\/#website","url":"https:\/\/hamntesbaskets.fr\/lamarchedelamort\/","name":"La Marche de la Mort","description":"un d\u00e9fi mortel !","publisher":{"@id":"https:\/\/hamntesbaskets.fr\/lamarchedelamort\/#organization"},"potentialAction":[{"@type":"SearchAction","target":{"@type":"EntryPoint","urlTemplate":"https:\/\/hamntesbaskets.fr\/lamarchedelamort\/?s={search_term_string}"},"query-input":{"@type":"PropertyValueSpecification","valueRequired":true,"valueName":"search_term_string"}}],"inLanguage":"fr-FR"},{"@type":"Organization","@id":"https:\/\/hamntesbaskets.fr\/lamarchedelamort\/#organization","name":"La Marche de la Mort","url":"https:\/\/hamntesbaskets.fr\/lamarchedelamort\/","logo":{"@type":"ImageObject","inLanguage":"fr-FR","@id":"https:\/\/hamntesbaskets.fr\/lamarchedelamort\/#\/schema\/logo\/image\/","url":"https:\/\/hamntesbaskets.fr\/lamarchedelamort\/wp-content\/uploads\/2023\/12\/cropped-logo_bonhomme.png","contentUrl":"https:\/\/hamntesbaskets.fr\/lamarchedelamort\/wp-content\/uploads\/2023\/12\/cropped-logo_bonhomme.png","width":512,"height":512,"caption":"La Marche de la Mort"},"image":{"@id":"https:\/\/hamntesbaskets.fr\/lamarchedelamort\/#\/schema\/logo\/image\/"},"sameAs":["https:\/\/www.facebook.com\/hamntesbaskets\/","https:\/\/www.instagram.com\/hamntesbaskets"]}]}},"rttpg_featured_image_url":null,"rttpg_author":{"display_name":"hamntesbaskets","author_link":"https:\/\/hamntesbaskets.fr\/lamarchedelamort\/index.php\/author\/hamntesbaskets\/"},"rttpg_comment":0,"rttpg_category":null,"rttpg_excerpt":"INSCRIPTION 2026 LISTE DES INSCRITS cliquez ici LA 3\u00e8me EDITION est SOLD OUT &#8211; COMPLET &#8211; 1700 combattants seront au d\u00e9part Merci \u00e0 tous pour cet engouement incroyable pour La Marche de la Mort. D\u00e9sol\u00e9 pour celles et ceux qui n&rsquo;ont pas obtenu de dossard pour l&rsquo;\u00e9dition 2026. Retrouvez la liste des inscrits en haut\u2026","_links":{"self":[{"href":"https:\/\/hamntesbaskets.fr\/lamarchedelamort\/index.php\/wp-json\/wp\/v2\/pages\/745","targetHints":{"allow":["GET"]}}],"collection":[{"href":"https:\/\/hamntesbaskets.fr\/lamarchedelamort\/index.php\/wp-json\/wp\/v2\/pages"}],"about":[{"href":"https:\/\/hamntesbaskets.fr\/lamarchedelamort\/index.php\/wp-json\/wp\/v2\/types\/page"}],"author":[{"embeddable":true,"href":"https:\/\/hamntesbaskets.fr\/lamarchedelamort\/index.php\/wp-json\/wp\/v2\/users\/1"}],"replies":[{"embeddable":true,"href":"https:\/\/hamntesbaskets.fr\/lamarchedelamort\/index.php\/wp-json\/wp\/v2\/comments?post=745"}],"version-history":[{"count":182,"href":"https:\/\/hamntesbaskets.fr\/lamarchedelamort\/index.php\/wp-json\/wp\/v2\/pages\/745\/revisions"}],"predecessor-version":[{"id":2042,"href":"https:\/\/hamntesbaskets.fr\/lamarchedelamort\/index.php\/wp-json\/wp\/v2\/pages\/745\/revisions\/2042"}],"wp:attachment":[{"href":"https:\/\/hamntesbaskets.fr\/lamarchedelamort\/index.php\/wp-json\/wp\/v2\/media?parent=745"}],"curies":[{"name":"wp","href":"https:\/\/api.w.org\/{rel}","templated":true}]}}